{"id":594,"date":"2023-11-29T13:24:15","date_gmt":"2023-11-29T16:24:15","guid":{"rendered":"https:\/\/sodre.gub.uy\/institucional\/?page_id=594"},"modified":"2023-12-04T16:24:35","modified_gmt":"2023-12-04T19:24:35","slug":"esteban-louise","status":"publish","type":"page","link":"https:\/\/sodre.gub.uy\/institucional\/elencos-estables\/esteban-louise\/","title":{"rendered":"Esteban Louise"},"content":{"rendered":"<div class=\"wpb-content-wrapper\"><p>[vc_section][vc_row][vc_column width=\u00bb1\/2&#8243;][vc_column_text]Es el director art\u00edstico y musical del Coro Nacional del Sodre desde el a\u00f1o 2010, asumiendo el\u00a0 cargo con 24 a\u00f1os, siendo el maestro m\u00e1s joven designado para este cargo. Con este cuerpo art\u00edstico ha recorrido los barrios de Montevideo y ha realizado numerosas presentaciones en toda la Rep\u00fablica.<\/p>\n<p>Egres\u00f3 de la Escuela Universitaria de M\u00fasica, curs\u00f3 las licenciaturas de Direcci\u00f3n Coral y Orquestal en dicha instituci\u00f3n, habiendo recibido clases con renombrados docentes.Fue becado por el FONAM para perfeccionarse en Direcci\u00f3n Orquestal y ha tomado Master Classes de Direcci\u00f3n Coral y Orquestal con maestros de trayectoria internacional.<\/p>\n<p>Es fundador y director del Ensamble Florentino, con el que realiza desde 2008 conciertos dedicados al g\u00e9nero madrigalista.<\/p>\n<p>Junto a la Ossodre, la Orquesta Juvenil del Sodre y la Filarm\u00f3nica de Montevideo tuvo a su cargo la direcci\u00f3n de importantes conciertos sinf\u00f3nico-corales.<\/p>\n<p>Ha dirigido diversos coros profesionales de la regi\u00f3n como el Coro Polif\u00f3nico Nacional de la Rep\u00fablica Argentina.<\/p>\n<p>Asiduamente es invitado a dirigir diversos\u00a0 programas de la Ossodre, la Orquesta Filarm\u00f3nica de Montevideo, la Banda Sinf\u00f3nica Municipal de Montevideo, la Orquesta Juvenil del Sodre y reconocidas orquestas sinf\u00f3nicas de la regi\u00f3n.<\/p>\n<p>Es director art\u00edstico y musical de la Compa\u00f1\u00eda \u00d3pera Joven, colectivo independiente que promueve a talentos emergentes en nuestro medio musical.En 2017 al frente de la Orquesta y Coro de \u00d3pera Joven, realiz\u00f3 el estreno para toda Am\u00e9rica de la \u00f3pera de \u201cLa scuola de \u0301gelosi\u201d de Salieri.<\/p>\n<p>En su rol docente dicta asiduamente talleres y cursos en nuestro pa\u00eds y la regi\u00f3n.[\/vc_column_text][vc_empty_space height=\u00bb40px\u00bb][\/vc_column][vc_column width=\u00bb1\/2&#8243; css=\u00bb.vc_custom_1701211009001{margin-top: 0px !important;border-top-width: 0px !important;padding-top: 0px !important;}\u00bb][vc_single_image image=\u00bb599&#8243; img_size=\u00bbfull\u00bb css=\u00bb.vc_custom_1701275793878{margin-top: 0px !important;border-top-width: 0px !important;padding-top: 0px !important;}\u00bb][vc_empty_space height=\u00bb40px\u00bb][\/vc_column][\/vc_row][vc_row][vc_column width=\u00bb1\/2&#8243;][vc_column_text]Dentro de los numerosos reconocimientos que ha recibido, se destacan el premio Ciudadano de Oro del Centro Latinoamericano de Desarrollo, el premio Morosoli a la m\u00fasica culta de la Fundaci\u00f3n Lolita Rubial y la \u00abVirgen del pintado\u00bb que se otorga a personalidades de la cultura uruguaya. Es adem\u00e1s Ciudadano Ilustre de la ciudad Puebla ,M\u00e9xico.[\/vc_column_text][vc_empty_space height=\u00bb40px\u00bb][\/vc_column][vc_column width=\u00bb1\/2&#8243; css=\u00bb.vc_custom_1701211009001{margin-top: 0px !important;border-top-width: 0px !important;padding-top: 0px !important;}\u00bb][\/vc_column][\/vc_row][vc_row][vc_column][vc_empty_space height=\u00bb60px\u00bb][\/vc_column][\/vc_row][\/vc_section]<\/p>\n<\/div>","protected":false},"excerpt":{"rendered":"<p>[vc_section][vc_row][vc_column width=\u00bb1\/2&#8243;][vc_column_text]Es el director art\u00edstico y musical del Coro Nacional del Sodre desde el a\u00f1o 2010, asumiendo el\u00a0 cargo con 24 a\u00f1os, siendo el maestro m\u00e1s joven designado para este cargo. Con este cuerpo art\u00edstico ha recorrido los barrios de Montevideo y ha realizado numerosas presentaciones en toda la Rep\u00fablica. Egres\u00f3 de la Escuela Universitaria [&hellip;]<\/p>\n","protected":false},"author":5,"featured_media":0,"parent":300,"menu_order":0,"comment_status":"closed","ping_status":"closed","template":"","meta":{"footnotes":""},"acf":[],"yoast_head":"<!-- This site is optimized with the Yoast SEO plugin v21.7 - https:\/\/yoast.com\/wordpress\/plugins\/seo\/ -->\n<title>Esteban Louise - Institucional<\/title>\n<meta name=\"robots\" content=\"index, follow, max-snippet:-1, max-image-preview:large, max-video-preview:-1\" \/>\n<link rel=\"canonical\" href=\"https:\/\/sodre.gub.uy\/institucional\/elencos-estables\/esteban-louise\/\" \/>\n<meta property=\"og:locale\" content=\"es_ES\" \/>\n<meta property=\"og:type\" content=\"article\" \/>\n<meta property=\"og:title\" content=\"Esteban Louise - Institucional\" \/>\n<meta property=\"og:description\" content=\"[vc_section][vc_row][vc_column width=\u00bb1\/2&#8243;][vc_column_text]Es el director art\u00edstico y musical del Coro Nacional del Sodre desde el a\u00f1o 2010, asumiendo el\u00a0 cargo con 24 a\u00f1os, siendo el maestro m\u00e1s joven designado para este cargo. Con este cuerpo art\u00edstico ha recorrido los barrios de Montevideo y ha realizado numerosas presentaciones en toda la Rep\u00fablica. Egres\u00f3 de la Escuela Universitaria [&hellip;]\" \/>\n<meta property=\"og:url\" content=\"https:\/\/sodre.gub.uy\/institucional\/elencos-estables\/esteban-louise\/\" \/>\n<meta property=\"og:site_name\" content=\"Institucional\" \/>\n<meta property=\"article:modified_time\" content=\"2023-12-04T19:24:35+00:00\" \/>\n<meta name=\"twitter:card\" content=\"summary_large_image\" \/>\n<meta name=\"twitter:label1\" content=\"Tiempo de lectura\" \/>\n\t<meta name=\"twitter:data1\" content=\"2 minutos\" \/>\n<script type=\"application\/ld+json\" class=\"yoast-schema-graph\">{\"@context\":\"https:\/\/schema.org\",\"@graph\":[{\"@type\":\"WebPage\",\"@id\":\"https:\/\/sodre.gub.uy\/institucional\/elencos-estables\/esteban-louise\/\",\"url\":\"https:\/\/sodre.gub.uy\/institucional\/elencos-estables\/esteban-louise\/\",\"name\":\"Esteban Louise - Institucional\",\"isPartOf\":{\"@id\":\"https:\/\/sodre.gub.uy\/institucional\/#website\"},\"datePublished\":\"2023-11-29T16:24:15+00:00\",\"dateModified\":\"2023-12-04T19:24:35+00:00\",\"breadcrumb\":{\"@id\":\"https:\/\/sodre.gub.uy\/institucional\/elencos-estables\/esteban-louise\/#breadcrumb\"},\"inLanguage\":\"es\",\"potentialAction\":[{\"@type\":\"ReadAction\",\"target\":[\"https:\/\/sodre.gub.uy\/institucional\/elencos-estables\/esteban-louise\/\"]}]},{\"@type\":\"BreadcrumbList\",\"@id\":\"https:\/\/sodre.gub.uy\/institucional\/elencos-estables\/esteban-louise\/#breadcrumb\",\"itemListElement\":[{\"@type\":\"ListItem\",\"position\":1,\"name\":\"Elencos Estables\",\"item\":\"https:\/\/sodre.gub.uy\/institucional\/elencos-estables\/\"},{\"@type\":\"ListItem\",\"position\":2,\"name\":\"Esteban Louise\"}]},{\"@type\":\"WebSite\",\"@id\":\"https:\/\/sodre.gub.uy\/institucional\/#website\",\"url\":\"https:\/\/sodre.gub.uy\/institucional\/\",\"name\":\"Institucional\",\"description\":\"Servicio Oficial de Difusi\u00f3n, Representaciones y Espect\u00e1culos\",\"publisher\":{\"@id\":\"https:\/\/sodre.gub.uy\/institucional\/#organization\"},\"potentialAction\":[{\"@type\":\"SearchAction\",\"target\":{\"@type\":\"EntryPoint\",\"urlTemplate\":\"https:\/\/sodre.gub.uy\/institucional\/?s={search_term_string}\"},\"query-input\":\"required name=search_term_string\"}],\"inLanguage\":\"es\"},{\"@type\":\"Organization\",\"@id\":\"https:\/\/sodre.gub.uy\/institucional\/#organization\",\"name\":\"Institucional\",\"url\":\"https:\/\/sodre.gub.uy\/institucional\/\",\"logo\":{\"@type\":\"ImageObject\",\"inLanguage\":\"es\",\"@id\":\"https:\/\/sodre.gub.uy\/institucional\/#\/schema\/logo\/image\/\",\"url\":\"https:\/\/sodre.gub.uy\/institucional\/wp-content\/uploads\/sites\/5\/2023\/12\/logo-sodre-black.svg\",\"contentUrl\":\"https:\/\/sodre.gub.uy\/institucional\/wp-content\/uploads\/sites\/5\/2023\/12\/logo-sodre-black.svg\",\"caption\":\"Institucional\"},\"image\":{\"@id\":\"https:\/\/sodre.gub.uy\/institucional\/#\/schema\/logo\/image\/\"}}]}<\/script>\n<!-- \/ Yoast SEO plugin. -->","yoast_head_json":{"title":"Esteban Louise - Institucional","robots":{"index":"index","follow":"follow","max-snippet":"max-snippet:-1","max-image-preview":"max-image-preview:large","max-video-preview":"max-video-preview:-1"},"canonical":"https:\/\/sodre.gub.uy\/institucional\/elencos-estables\/esteban-louise\/","og_locale":"es_ES","og_type":"article","og_title":"Esteban Louise - Institucional","og_description":"[vc_section][vc_row][vc_column width=\u00bb1\/2&#8243;][vc_column_text]Es el director art\u00edstico y musical del Coro Nacional del Sodre desde el a\u00f1o 2010, asumiendo el\u00a0 cargo con 24 a\u00f1os, siendo el maestro m\u00e1s joven designado para este cargo. Con este cuerpo art\u00edstico ha recorrido los barrios de Montevideo y ha realizado numerosas presentaciones en toda la Rep\u00fablica. Egres\u00f3 de la Escuela Universitaria [&hellip;]","og_url":"https:\/\/sodre.gub.uy\/institucional\/elencos-estables\/esteban-louise\/","og_site_name":"Institucional","article_modified_time":"2023-12-04T19:24:35+00:00","twitter_card":"summary_large_image","twitter_misc":{"Tiempo de lectura":"2 minutos"},"schema":{"@context":"https:\/\/schema.org","@graph":[{"@type":"WebPage","@id":"https:\/\/sodre.gub.uy\/institucional\/elencos-estables\/esteban-louise\/","url":"https:\/\/sodre.gub.uy\/institucional\/elencos-estables\/esteban-louise\/","name":"Esteban Louise - Institucional","isPartOf":{"@id":"https:\/\/sodre.gub.uy\/institucional\/#website"},"datePublished":"2023-11-29T16:24:15+00:00","dateModified":"2023-12-04T19:24:35+00:00","breadcrumb":{"@id":"https:\/\/sodre.gub.uy\/institucional\/elencos-estables\/esteban-louise\/#breadcrumb"},"inLanguage":"es","potentialAction":[{"@type":"ReadAction","target":["https:\/\/sodre.gub.uy\/institucional\/elencos-estables\/esteban-louise\/"]}]},{"@type":"BreadcrumbList","@id":"https:\/\/sodre.gub.uy\/institucional\/elencos-estables\/esteban-louise\/#breadcrumb","itemListElement":[{"@type":"ListItem","position":1,"name":"Elencos Estables","item":"https:\/\/sodre.gub.uy\/institucional\/elencos-estables\/"},{"@type":"ListItem","position":2,"name":"Esteban Louise"}]},{"@type":"WebSite","@id":"https:\/\/sodre.gub.uy\/institucional\/#website","url":"https:\/\/sodre.gub.uy\/institucional\/","name":"Institucional","description":"Servicio Oficial de Difusi\u00f3n, Representaciones y Espect\u00e1culos","publisher":{"@id":"https:\/\/sodre.gub.uy\/institucional\/#organization"},"potentialAction":[{"@type":"SearchAction","target":{"@type":"EntryPoint","urlTemplate":"https:\/\/sodre.gub.uy\/institucional\/?s={search_term_string}"},"query-input":"required name=search_term_string"}],"inLanguage":"es"},{"@type":"Organization","@id":"https:\/\/sodre.gub.uy\/institucional\/#organization","name":"Institucional","url":"https:\/\/sodre.gub.uy\/institucional\/","logo":{"@type":"ImageObject","inLanguage":"es","@id":"https:\/\/sodre.gub.uy\/institucional\/#\/schema\/logo\/image\/","url":"https:\/\/sodre.gub.uy\/institucional\/wp-content\/uploads\/sites\/5\/2023\/12\/logo-sodre-black.svg","contentUrl":"https:\/\/sodre.gub.uy\/institucional\/wp-content\/uploads\/sites\/5\/2023\/12\/logo-sodre-black.svg","caption":"Institucional"},"image":{"@id":"https:\/\/sodre.gub.uy\/institucional\/#\/schema\/logo\/image\/"}}]}},"_links":{"self":[{"href":"https:\/\/sodre.gub.uy\/institucional\/wp-json\/wp\/v2\/pages\/594"}],"collection":[{"href":"https:\/\/sodre.gub.uy\/institucional\/wp-json\/wp\/v2\/pages"}],"about":[{"href":"https:\/\/sodre.gub.uy\/institucional\/wp-json\/wp\/v2\/types\/page"}],"author":[{"embeddable":true,"href":"https:\/\/sodre.gub.uy\/institucional\/wp-json\/wp\/v2\/users\/5"}],"replies":[{"embeddable":true,"href":"https:\/\/sodre.gub.uy\/institucional\/wp-json\/wp\/v2\/comments?post=594"}],"version-history":[{"count":6,"href":"https:\/\/sodre.gub.uy\/institucional\/wp-json\/wp\/v2\/pages\/594\/revisions"}],"predecessor-version":[{"id":681,"href":"https:\/\/sodre.gub.uy\/institucional\/wp-json\/wp\/v2\/pages\/594\/revisions\/681"}],"up":[{"embeddable":true,"href":"https:\/\/sodre.gub.uy\/institucional\/wp-json\/wp\/v2\/pages\/300"}],"wp:attachment":[{"href":"https:\/\/sodre.gub.uy\/institucional\/wp-json\/wp\/v2\/media?parent=594"}],"curies":[{"name":"wp","href":"https:\/\/api.w.org\/{rel}","templated":true}]}}