{"id":422,"date":"2023-11-28T13:54:14","date_gmt":"2023-11-28T16:54:14","guid":{"rendered":"https:\/\/sodre.gub.uy\/institucional\/?page_id=422"},"modified":"2026-03-02T14:45:15","modified_gmt":"2026-03-02T17:45:15","slug":"conjunto-nacional-de-musica-de-camara","status":"publish","type":"page","link":"https:\/\/sodre.gub.uy\/institucional\/elencos-estables\/conjunto-nacional-de-musica-de-camara\/","title":{"rendered":"Conjunto Nacional de M\u00fasica de C\u00e1mara"},"content":{"rendered":"<div class=\"wpb-content-wrapper\"><p>[vc_section][vc_row gap=\u00bb30&#8243;][vc_column width=\u00bb1\/2&#8243;][vc_column_text]El 13 de setiembre de 1931 tiene lugar el primer concierto del cuarteto de cuerdas del Sodre en el Estudio Auditorio. Pero es reci\u00e9n en 1933 que queda definitivamente constituido el Conjunto de C\u00e1mara del Sodre, con la integraci\u00f3n del piano.<\/p>\n<p>La existencia de un Conjunto de C\u00e1mara, de exclusiva dedicaci\u00f3n a esta especialidad, es un valor dentro del acervo cultural del Sodre. Su funci\u00f3n ha sido desde siempre, la de difundir la m\u00fasica cl\u00e1sica en sus diversos estilos, participando en inauguraciones, aniversarios y conmemoraciones, a lo largo y ancho del pa\u00eds. Desde 2011, se incrementaron las funciones, tanto en Montevideo como en el interior, completando m\u00e1s de 50 actuaciones por a\u00f1o entre conciertos did\u00e1cticos, la temporada y las presentaciones. A su vez, en esta etapa, la apuesta musical incluye obras m\u00e1s complejas y variadas, y m\u00e1s accesibles al p\u00fablico.<\/p>\n<p>El conjunto representa al pa\u00eds en distintos festivales internacionales de m\u00fasica de c\u00e1mara en Argentina, Brasil, Chile y Paraguay. Interpretan m\u00fasica aut\u00f3ctona del Uruguay y rioplatense, en toda oportunidad que los lleve fuera de fronteras.<\/p>\n<p>En diciembre de 2011, el Conjunto de C\u00e1mara realiz\u00f3 un concierto en la Base Artigas de la Ant\u00e1rtida uruguaya, en el marco de los festejos por el Bicentenario, conmemorando los 80 a\u00f1os del conjunto y los 25 a\u00f1os de la Base.<\/p>\n<p>En 2014, el Conjunto de M\u00fasica de C\u00e1mara super\u00f3 los 30 conciertos did\u00e1cticos para instituciones educativas p\u00fablicas y privadas. Estas jornadas tienen como objetivo poner a ni\u00f1os y j\u00f3venes en contacto con los distintos g\u00e9neros e instrumentos musicales y se completa adem\u00e1s con una visita guiada por el Auditorio Nacional del Sodre Dra. Adela Reta.[\/vc_column_text][vc_empty_space height=\u00bb40px\u00bb]\n\n<h3 \n\trole=\"heading\" \n\tclass=\"cyg--tit contenido cyg--font-inter cyg--font-normal \"\n>\n\n\tDirector\n<\/h3>\n\n\n[vc_empty_space height=\u00bb15px\u00bb][vc_column_text]<\/p>\n<h4>Juan Cannav\u00f3<\/h4>\n<p>[\/vc_column_text][vc_empty_space height=\u00bb15px\u00bb][vc_single_image image=\u00bb1056&#8243; img_size=\u00bbfull\u00bb][vc_empty_space height=\u00bb40px\u00bb]\n\n<h3 \n\trole=\"heading\" \n\tclass=\"cyg--tit contenido cyg--font-inter cyg--font-normal \"\n>\n\n\tIntegrantes\n<\/h3>\n\n\n[vc_empty_space height=\u00bb15px\u00bb][vc_column_text]Juan Sebasti\u00e1n Cannav\u00f3 (viol\u00edn)<\/p>\n<p>Clara Kruk (viol\u00edn)<\/p>\n<p>Stella Maris Gonz\u00e1lez (viola)<\/p>\n<p>Rodrigo Riera (violoncello)<\/p>\n<p>Juan Chilindr\u00f3n (contrabajo)<\/p>\n<p>Javier Toledo (piano)[\/vc_column_text][vc_empty_space height=\u00bb40px\u00bb]\n\n<h3 \n\trole=\"heading\" \n\tclass=\"cyg--tit contenido cyg--font-inter cyg--font-normal \"\n>\n\n\tEquipo de gesti\u00f3n\n<\/h3>\n\n\n[vc_empty_space height=\u00bb15px\u00bb][vc_column_text]Direcci\u00f3n ejecutiva: Pierina Lavanca<\/p>\n<p>Coordinador\/inspector: Ana Chiara<\/p>\n<p>Archivo musical: Jimena Buxedas y Felipe Ortiz<\/p>\n<p>Coordinaci\u00f3n administrativa: Florencia De Armas<\/p>\n<p>Administraci\u00f3n: Karina Posente<\/p>\n<p>Utiler\u00eda: Julio Zerboni y Richard Sosa<\/p>\n<p>[\/vc_column_text][vc_empty_space height=\u00bb40px\u00bb][\/vc_column][vc_column width=\u00bb1\/2&#8243; css=\u00bb.vc_custom_1701211009001{margin-top: 0px !important;border-top-width: 0px !important;padding-top: 0px !important;}\u00bb][vc_single_image image=\u00bb1022&#8243; img_size=\u00bbfull\u00bb css=\u00bb.vc_custom_1726751352420{margin-top: 0px !important;border-top-width: 0px !important;padding-top: 0px !important;}\u00bb][vc_empty_space height=\u00bb40px\u00bb][vc_single_image image=\u00bb1021&#8243; img_size=\u00bbfull\u00bb css=\u00bb.vc_custom_1726751233109{margin-top: 0px !important;border-top-width: 0px !important;padding-top: 0px !important;}\u00bb][vc_empty_space height=\u00bb40px\u00bb][vc_single_image image=\u00bb1023&#8243; img_size=\u00bbfull\u00bb css=\u00bb.vc_custom_1726751370377{margin-top: 0px !important;border-top-width: 0px !important;padding-top: 0px !important;}\u00bb][vc_empty_space height=\u00bb40px\u00bb][\/vc_column][\/vc_row][vc_row][vc_column][vc_empty_space height=\u00bb60px\u00bb][vc_column_text]<\/p>\n<h4>Conciertos did\u00e1cticos<\/h4>\n<p>[\/vc_column_text][vc_empty_space height=\u00bb30px\u00bb][vc_video link=\u00bbhttps:\/\/www.youtube.com\/watch?v=kbYWLdsEmg0&#8243; el_width=\u00bb50&#8243;][\/vc_column][\/vc_row][\/vc_section][vc_row][vc_column][\/vc_column][\/vc_row]<\/p>\n<\/div>","protected":false},"excerpt":{"rendered":"<p>[vc_section][vc_row gap=\u00bb30&#8243;][vc_column width=\u00bb1\/2&#8243;][vc_column_text]El 13 de setiembre de 1931 tiene lugar el primer concierto del cuarteto de cuerdas del Sodre en el Estudio Auditorio. Pero es reci\u00e9n en 1933 que queda definitivamente constituido el Conjunto de C\u00e1mara del Sodre, con la integraci\u00f3n del piano. La existencia de un Conjunto de C\u00e1mara, de exclusiva dedicaci\u00f3n a esta [&hellip;]<\/p>\n","protected":false},"author":1,"featured_media":0,"parent":300,"menu_order":0,"comment_status":"closed","ping_status":"closed","template":"","meta":{"footnotes":""},"acf":[],"yoast_head":"<!-- This site is optimized with the Yoast SEO plugin v21.7 - https:\/\/yoast.com\/wordpress\/plugins\/seo\/ -->\n<title>Conjunto Nacional de M\u00fasica de C\u00e1mara - Institucional<\/title>\n<meta name=\"robots\" content=\"index, follow, max-snippet:-1, max-image-preview:large, max-video-preview:-1\" \/>\n<link rel=\"canonical\" href=\"https:\/\/sodre.gub.uy\/institucional\/elencos-estables\/conjunto-nacional-de-musica-de-camara\/\" \/>\n<meta property=\"og:locale\" content=\"es_ES\" \/>\n<meta property=\"og:type\" content=\"article\" \/>\n<meta property=\"og:title\" content=\"Conjunto Nacional de M\u00fasica de C\u00e1mara - Institucional\" \/>\n<meta property=\"og:description\" content=\"[vc_section][vc_row gap=\u00bb30&#8243;][vc_column width=\u00bb1\/2&#8243;][vc_column_text]El 13 de setiembre de 1931 tiene lugar el primer concierto del cuarteto de cuerdas del Sodre en el Estudio Auditorio. Pero es reci\u00e9n en 1933 que queda definitivamente constituido el Conjunto de C\u00e1mara del Sodre, con la integraci\u00f3n del piano. La existencia de un Conjunto de C\u00e1mara, de exclusiva dedicaci\u00f3n a esta [&hellip;]\" \/>\n<meta property=\"og:url\" content=\"https:\/\/sodre.gub.uy\/institucional\/elencos-estables\/conjunto-nacional-de-musica-de-camara\/\" \/>\n<meta property=\"og:site_name\" content=\"Institucional\" \/>\n<meta property=\"article:modified_time\" content=\"2026-03-02T17:45:15+00:00\" \/>\n<meta name=\"twitter:card\" content=\"summary_large_image\" \/>\n<meta name=\"twitter:label1\" content=\"Tiempo de lectura\" \/>\n\t<meta name=\"twitter:data1\" content=\"3 minutos\" \/>\n<script type=\"application\/ld+json\" class=\"yoast-schema-graph\">{\"@context\":\"https:\/\/schema.org\",\"@graph\":[{\"@type\":\"WebPage\",\"@id\":\"https:\/\/sodre.gub.uy\/institucional\/elencos-estables\/conjunto-nacional-de-musica-de-camara\/\",\"url\":\"https:\/\/sodre.gub.uy\/institucional\/elencos-estables\/conjunto-nacional-de-musica-de-camara\/\",\"name\":\"Conjunto Nacional de M\u00fasica de C\u00e1mara - Institucional\",\"isPartOf\":{\"@id\":\"https:\/\/sodre.gub.uy\/institucional\/#website\"},\"datePublished\":\"2023-11-28T16:54:14+00:00\",\"dateModified\":\"2026-03-02T17:45:15+00:00\",\"breadcrumb\":{\"@id\":\"https:\/\/sodre.gub.uy\/institucional\/elencos-estables\/conjunto-nacional-de-musica-de-camara\/#breadcrumb\"},\"inLanguage\":\"es\",\"potentialAction\":[{\"@type\":\"ReadAction\",\"target\":[\"https:\/\/sodre.gub.uy\/institucional\/elencos-estables\/conjunto-nacional-de-musica-de-camara\/\"]}]},{\"@type\":\"BreadcrumbList\",\"@id\":\"https:\/\/sodre.gub.uy\/institucional\/elencos-estables\/conjunto-nacional-de-musica-de-camara\/#breadcrumb\",\"itemListElement\":[{\"@type\":\"ListItem\",\"position\":1,\"name\":\"Elencos Estables\",\"item\":\"https:\/\/sodre.gub.uy\/institucional\/elencos-estables\/\"},{\"@type\":\"ListItem\",\"position\":2,\"name\":\"Conjunto Nacional de M\u00fasica de C\u00e1mara\"}]},{\"@type\":\"WebSite\",\"@id\":\"https:\/\/sodre.gub.uy\/institucional\/#website\",\"url\":\"https:\/\/sodre.gub.uy\/institucional\/\",\"name\":\"Institucional\",\"description\":\"Servicio Oficial de Difusi\u00f3n, Representaciones y Espect\u00e1culos\",\"publisher\":{\"@id\":\"https:\/\/sodre.gub.uy\/institucional\/#organization\"},\"potentialAction\":[{\"@type\":\"SearchAction\",\"target\":{\"@type\":\"EntryPoint\",\"urlTemplate\":\"https:\/\/sodre.gub.uy\/institucional\/?s={search_term_string}\"},\"query-input\":\"required name=search_term_string\"}],\"inLanguage\":\"es\"},{\"@type\":\"Organization\",\"@id\":\"https:\/\/sodre.gub.uy\/institucional\/#organization\",\"name\":\"Institucional\",\"url\":\"https:\/\/sodre.gub.uy\/institucional\/\",\"logo\":{\"@type\":\"ImageObject\",\"inLanguage\":\"es\",\"@id\":\"https:\/\/sodre.gub.uy\/institucional\/#\/schema\/logo\/image\/\",\"url\":\"https:\/\/sodre.gub.uy\/institucional\/wp-content\/uploads\/sites\/5\/2023\/12\/logo-sodre-black.svg\",\"contentUrl\":\"https:\/\/sodre.gub.uy\/institucional\/wp-content\/uploads\/sites\/5\/2023\/12\/logo-sodre-black.svg\",\"caption\":\"Institucional\"},\"image\":{\"@id\":\"https:\/\/sodre.gub.uy\/institucional\/#\/schema\/logo\/image\/\"}}]}<\/script>\n<!-- \/ Yoast SEO plugin. -->","yoast_head_json":{"title":"Conjunto Nacional de M\u00fasica de C\u00e1mara - Institucional","robots":{"index":"index","follow":"follow","max-snippet":"max-snippet:-1","max-image-preview":"max-image-preview:large","max-video-preview":"max-video-preview:-1"},"canonical":"https:\/\/sodre.gub.uy\/institucional\/elencos-estables\/conjunto-nacional-de-musica-de-camara\/","og_locale":"es_ES","og_type":"article","og_title":"Conjunto Nacional de M\u00fasica de C\u00e1mara - Institucional","og_description":"[vc_section][vc_row gap=\u00bb30&#8243;][vc_column width=\u00bb1\/2&#8243;][vc_column_text]El 13 de setiembre de 1931 tiene lugar el primer concierto del cuarteto de cuerdas del Sodre en el Estudio Auditorio. Pero es reci\u00e9n en 1933 que queda definitivamente constituido el Conjunto de C\u00e1mara del Sodre, con la integraci\u00f3n del piano. La existencia de un Conjunto de C\u00e1mara, de exclusiva dedicaci\u00f3n a esta [&hellip;]","og_url":"https:\/\/sodre.gub.uy\/institucional\/elencos-estables\/conjunto-nacional-de-musica-de-camara\/","og_site_name":"Institucional","article_modified_time":"2026-03-02T17:45:15+00:00","twitter_card":"summary_large_image","twitter_misc":{"Tiempo de lectura":"3 minutos"},"schema":{"@context":"https:\/\/schema.org","@graph":[{"@type":"WebPage","@id":"https:\/\/sodre.gub.uy\/institucional\/elencos-estables\/conjunto-nacional-de-musica-de-camara\/","url":"https:\/\/sodre.gub.uy\/institucional\/elencos-estables\/conjunto-nacional-de-musica-de-camara\/","name":"Conjunto Nacional de M\u00fasica de C\u00e1mara - Institucional","isPartOf":{"@id":"https:\/\/sodre.gub.uy\/institucional\/#website"},"datePublished":"2023-11-28T16:54:14+00:00","dateModified":"2026-03-02T17:45:15+00:00","breadcrumb":{"@id":"https:\/\/sodre.gub.uy\/institucional\/elencos-estables\/conjunto-nacional-de-musica-de-camara\/#breadcrumb"},"inLanguage":"es","potentialAction":[{"@type":"ReadAction","target":["https:\/\/sodre.gub.uy\/institucional\/elencos-estables\/conjunto-nacional-de-musica-de-camara\/"]}]},{"@type":"BreadcrumbList","@id":"https:\/\/sodre.gub.uy\/institucional\/elencos-estables\/conjunto-nacional-de-musica-de-camara\/#breadcrumb","itemListElement":[{"@type":"ListItem","position":1,"name":"Elencos Estables","item":"https:\/\/sodre.gub.uy\/institucional\/elencos-estables\/"},{"@type":"ListItem","position":2,"name":"Conjunto Nacional de M\u00fasica de C\u00e1mara"}]},{"@type":"WebSite","@id":"https:\/\/sodre.gub.uy\/institucional\/#website","url":"https:\/\/sodre.gub.uy\/institucional\/","name":"Institucional","description":"Servicio Oficial de Difusi\u00f3n, Representaciones y Espect\u00e1culos","publisher":{"@id":"https:\/\/sodre.gub.uy\/institucional\/#organization"},"potentialAction":[{"@type":"SearchAction","target":{"@type":"EntryPoint","urlTemplate":"https:\/\/sodre.gub.uy\/institucional\/?s={search_term_string}"},"query-input":"required name=search_term_string"}],"inLanguage":"es"},{"@type":"Organization","@id":"https:\/\/sodre.gub.uy\/institucional\/#organization","name":"Institucional","url":"https:\/\/sodre.gub.uy\/institucional\/","logo":{"@type":"ImageObject","inLanguage":"es","@id":"https:\/\/sodre.gub.uy\/institucional\/#\/schema\/logo\/image\/","url":"https:\/\/sodre.gub.uy\/institucional\/wp-content\/uploads\/sites\/5\/2023\/12\/logo-sodre-black.svg","contentUrl":"https:\/\/sodre.gub.uy\/institucional\/wp-content\/uploads\/sites\/5\/2023\/12\/logo-sodre-black.svg","caption":"Institucional"},"image":{"@id":"https:\/\/sodre.gub.uy\/institucional\/#\/schema\/logo\/image\/"}}]}},"_links":{"self":[{"href":"https:\/\/sodre.gub.uy\/institucional\/wp-json\/wp\/v2\/pages\/422"}],"collection":[{"href":"https:\/\/sodre.gub.uy\/institucional\/wp-json\/wp\/v2\/pages"}],"about":[{"href":"https:\/\/sodre.gub.uy\/institucional\/wp-json\/wp\/v2\/types\/page"}],"author":[{"embeddable":true,"href":"https:\/\/sodre.gub.uy\/institucional\/wp-json\/wp\/v2\/users\/1"}],"replies":[{"embeddable":true,"href":"https:\/\/sodre.gub.uy\/institucional\/wp-json\/wp\/v2\/comments?post=422"}],"version-history":[{"count":27,"href":"https:\/\/sodre.gub.uy\/institucional\/wp-json\/wp\/v2\/pages\/422\/revisions"}],"predecessor-version":[{"id":1192,"href":"https:\/\/sodre.gub.uy\/institucional\/wp-json\/wp\/v2\/pages\/422\/revisions\/1192"}],"up":[{"embeddable":true,"href":"https:\/\/sodre.gub.uy\/institucional\/wp-json\/wp\/v2\/pages\/300"}],"wp:attachment":[{"href":"https:\/\/sodre.gub.uy\/institucional\/wp-json\/wp\/v2\/media?parent=422"}],"curies":[{"name":"wp","href":"https:\/\/api.w.org\/{rel}","templated":true}]}}