{"id":298,"date":"2023-11-15T19:38:54","date_gmt":"2023-11-15T18:38:54","guid":{"rendered":"https:\/\/sodre.gub.uy\/institucional\/?page_id=298"},"modified":"2026-02-02T12:18:01","modified_gmt":"2026-02-02T15:18:01","slug":"auditorio-vaz-ferreira","status":"publish","type":"page","link":"https:\/\/sodre.gub.uy\/institucional\/auditorio-vaz-ferreira\/","title":{"rendered":"Auditorio Vaz Ferreira"},"content":{"rendered":"<div class=\"wpb-content-wrapper\"><p>[vc_section][vc_row][vc_column width=\u00bb1\/4&#8243;][vc_row_inner css=\u00bb.vc_custom_1701196930383{padding-top: 30px !important;padding-right: 30px !important;padding-bottom: 30px !important;padding-left: 30px !important;}\u00bb][vc_column_inner][vc_column_text]<span style=\"font-size: 18pt\"><strong>Horarios<\/strong><\/span><\/p>\n<p>Lunes a viernes de 15 a 21 horas<\/p>\n<p>Tel\u00e9fono: 2400 5368<\/p>\n<p>18 de Julio 1790[\/vc_column_text][vc_empty_space height=\u00bb60px\u00bb][\/vc_column_inner][\/vc_row_inner][vc_empty_space height=\u00bb15px\u00bb]\r\n<a \r\nrole=\"link\"\r\naria-label=\"Planos y riders\"\r\nclass=\"cyg--btn \" \r\nhref=\"https:\/\/sodre.gub.uy\/wp-content\/uploads\/2024\/05\/Planos-y-riders_Auditorio-Vaz-Ferreira.pdf\"\r\ntarget=\"\"\r\n>\r\nPlanos y riders<\/a>\r\n[\/vc_column][vc_column width=\u00bb3\/4&#8243;][vc_single_image image=\u00bb853&#8243; img_size=\u00bblarge\u00bb][\/vc_column][\/vc_row][vc_row][vc_column width=\u00bb1\/4&#8243;][vc_column_text][\/vc_column_text][\/vc_column][vc_column width=\u00bb3\/4&#8243;][vc_column_text]<span style=\"font-size: 18pt\"><strong>Historia<\/strong><\/span><\/p>\n<p>El 8 de setiembre de 2016, el Ministerio de Educaci\u00f3n y Cultura (MEC) transfiere a la \u00f3rbita del Sodre al Auditorio Vaz Ferreira. Est\u00e1 ubicado en el primer subsuelo de la Biblioteca Nacional de Uruguay (BIBNA)\u00a0 (Av. 18 de Julio 1790) y su funcionamiento est\u00e1 bajo la \u00f3rbita del Auditorio Nelly Goiti\u00f1o con el objetivo de asimilarlo a una estructura s\u00f3lida para abordar todos los aspectos de gesti\u00f3n, coordinaci\u00f3n, log\u00edstica y operativa.<\/p>\n<p>El Auditorio es parte del barrio universitario de Montevideo: aparte de compartir edificio con la BIBNA, est\u00e1 al lado de la sede central de la Universidad de la Rep\u00fablica con su Paraninfo y la Facultad de Derecho. Tambi\u00e9n se encuentra la Escuela Universitaria de M\u00fasica y la Escuela de Bellas Artes. A pocos pasos se encuentra el Instituto V\u00e1zquez Acevedo, la Escuela Municipal de Arte Dram\u00e1tico, la Facultad de Psicolog\u00eda y el Instituto Nacional de la Juventud.<\/p>\n<p>&nbsp;<\/p>\n<p><strong><span style=\"font-size: 18pt\">El espacio<\/span><\/strong><\/p>\n<p>Se encuentra ubicado en el primer subsuelo de la Biblioteca Nacional. Cuenta con un hall principal como antesala y la sala tiene 405 localidades, cabina t\u00e9cnica de audio y luces, un piano Steinway de gran cola de concierto, tres camarines, un ba\u00f1o para artistas en \u00e1rea esc\u00e9nica y ba\u00f1os p\u00fablicos en entresuelo. Tiene un foyer con una infraestructura adecuada para exposiciones.<\/p>\n<p>&nbsp;<\/p>\n<p><strong>Capacidad<\/strong><\/p>\n<ul>\n<li>405 localidades<\/li>\n<li>1 nivel<\/li>\n<li>Platea baja<\/li>\n<li>Foyer exposiciones<\/li>\n<li>infraestructura de exposiciones<\/li>\n<\/ul>\n<p>&nbsp;<\/p>\n<p><strong><span style=\"font-size: 12pt\">Equipamiento<\/span><\/strong><\/p>\n<ul>\n<li>Luces \u2013 Audio \u2013 Planta de practicables<\/li>\n<li>Piano Steinway de gran cola de concierto<\/li>\n<li>Tapete vin\u00edlico Rosco para danza<\/li>\n<li>2 barras de ballet<\/li>\n<li>20 atriles<\/li>\n<li>20 sillas<\/li>\n<\/ul>\n<p>&nbsp;<\/p>\n<p><strong>Personal t\u00e9cnico<\/strong><\/p>\n<ul>\n<li>Director de escena<\/li>\n<li>Jefe de escenario<\/li>\n<li>Coordinadora t\u00e9cnica<\/li>\n<\/ul>\n<p>&nbsp;<\/p>\n<p><strong>Operadores<\/strong><\/p>\n<ul>\n<li>Audio<\/li>\n<li>Luces<\/li>\n<li>Video<\/li>\n<li>Maquinaria<\/li>\n<\/ul>\n<p>&nbsp;<\/p>\n<p><strong>Personal de sala<\/strong><\/p>\n<ul>\n<li>Boleter\u00eda<\/li>\n<li>Asistentes de atenci\u00f3n al p\u00fablico<\/li>\n<li>Acomodadores<\/li>\n<li>Asistente de camarines<\/li>\n<li>Guardia de limpieza<\/li>\n<li>Seguridad<\/li>\n<\/ul>\n<p>&nbsp;<\/p>\n<p><strong>Perfil<\/strong><\/p>\n<ul>\n<li>Espect\u00e1culos musicales y esc\u00e9nicos<\/li>\n<li>Conciertos<\/li>\n<li>Congresos y eventos<\/li>\n<\/ul>\n<p>[\/vc_column_text][\/vc_column][\/vc_row][vc_row][vc_column width=\u00bb1\/4&#8243;][\/vc_column][vc_column width=\u00bb3\/4&#8243;][vc_empty_space][vc_gallery type=\u00bbimage_grid\u00bb images=\u00bb918,917,916,915,914,913&#8243;][vc_empty_space][\/vc_column][\/vc_row][vc_row][vc_column width=\u00bb1\/4&#8243;][vc_column_text][\/vc_column_text][\/vc_column][vc_column width=\u00bb3\/4&#8243;][vc_column_text]<\/p>\n<p style=\"margin: 0px 0px 12px;padding: 0px;position: relative;font-family: Inter, sans-serif;line-height: 1.65;color: #020304;font-size: 14.72px;font-style: normal;font-weight: 400;letter-spacing: normal;text-align: start;text-indent: 0px;text-transform: none;background-color: #ffffff\"><strong style=\"margin: 0px;padding: 0px;position: relative;font-weight: 600\"><span style=\"margin: 0px;padding: 0px;position: relative;font-size: 18pt\">Equipo del Auditorio Nelly Goiti\u00f1o y Vaz Ferreira<\/span><\/strong><\/p>\n<p><span style=\"color: #000000\"> <strong style=\"margin: 0px;padding: 0px;position: relative;font-weight: 600\">Director general<\/strong><\/span><\/p>\n<p>Fernando Couto<\/p>\n<p>&nbsp;<\/p>\n<p><span style=\"color: #000000\"><strong>Asistente de direcci\u00f3n<\/strong><\/span><\/p>\n<p>Gabriela Arriaga<\/p>\n<p>&nbsp;<\/p>\n<p><span style=\"color: #000000\"><strong>Director ejecutivo<\/strong><\/span><\/p>\n<p>Alejandro Fuksbrauner<\/p>\n<p>&nbsp;<\/p>\n<p><strong>Jefe de escenario<\/strong><\/p>\n<p>Pedro L\u00f3pez<\/p>\n<p>&nbsp;<\/p>\n<p><strong>Jefe de maquinaria<\/strong><\/p>\n<p>M\u00e1ximo Silva, \u00d3scar Parea, Ra\u00fal P\u00faa, Guillermo Bonjour<\/p>\n<p>&nbsp;<\/p>\n<p><strong>Jefe de luminotecnia<\/strong><\/p>\n<p>Daniel Ant\u00fanez, Pedro Alem\u00e1n, Daniel Santana, Mar\u00eda Noel Gonz\u00e1lez, Javier Dubra<\/p>\n<p>&nbsp;<\/p>\n<p><strong>Jefe de Audio y Video<\/strong><\/p>\n<p>Jorge Pareja, Julio Pallotta, Pablo Gonz\u00e1lez, Jos\u00e9 Mart\u00ednez<\/p>\n<p>&nbsp;<\/p>\n<p><strong>Sastrer\u00eda<\/strong><\/p>\n<p>Patricia Lara, Sheila Silvera<\/p>\n<p>&nbsp;<\/p>\n<p><strong>Utiler\u00eda teatral<\/strong><\/p>\n<p>Javier Polvarini<\/p>\n<p>&nbsp;<\/p>\n<p><strong>Utileros de sala<\/strong><\/p>\n<p>Mat\u00edas Medina, Wanderly Pintos<\/p>\n<p>&nbsp;<\/p>\n<p><strong>Coordinadora t\u00e9cnica<\/strong><\/p>\n<p>Gabriela Arriaga<\/p>\n<p>&nbsp;<\/p>\n<p><strong>Asistente de coordinaci\u00f3n t\u00e9cnica<\/strong><\/p>\n<p>Mar\u00eda Jos\u00e9 Azarola<\/p>\n<p>&nbsp;<\/p>\n<p><strong>Regidoras<\/strong><\/p>\n<p>Beatriz Mart\u00ednez, Anal\u00eda Valerio<\/p>\n<p>&nbsp;<\/p>\n<p><strong>Secretar\u00eda<\/strong><\/p>\n<p>Gabriela da Costa<\/p>\n<p>&nbsp;<\/p>\n<p><strong>Administraci\u00f3n<\/strong><\/p>\n<p>Atilio P\u00faa, Mariela Spinetti<\/p>\n<p>&nbsp;<\/p>\n<p><strong>Asistente de Atenci\u00f3n al P\u00fablico<\/strong><\/p>\n<p>Antonella Febles<\/p>\n<p>&nbsp;<\/p>\n<p><strong>Asistente de sala<\/strong><\/p>\n<p>Rafael Fleitas<\/p>\n<p>&nbsp;<\/p>\n<p><strong>Asistente de sala Auditorio Vaz Ferreira<\/strong><\/p>\n<p>Carmen de Vera<\/p>\n<p>&nbsp;<\/p>\n<p><strong>Boleter\u00eda<\/strong><\/p>\n<p>Ver\u00f3nica Pascale, Luc\u00eda Terra<\/p>\n<p>&nbsp;<\/p>\n<p><strong>Asistente de boleter\u00eda<\/strong><\/p>\n<p>Katia Santos<\/p>\n<p>&nbsp;<\/p>\n<p><strong>Atenci\u00f3n al p\u00fablico<\/strong><\/p>\n<p>Antonella Magliano, Diana Carrizo, Agustina Garc\u00eda, Maia Pintos, Miguel Canencio, Silva Josefina<\/p>\n<p>&nbsp;<\/p>\n<p><strong>Programaci\u00f3n de espect\u00e1culos<\/strong><\/p>\n<p>Florencia Boccoli<\/p>\n<p>&nbsp;<\/p>\n<p><strong>Intendencia \u2013 Infraestructura y mantenimiento<\/strong><\/p>\n<p>Eduardo Bianchi[\/vc_column_text][\/vc_column][\/vc_row][\/vc_section][vc_row][vc_column][vc_empty_space height=\u00bb52px\u00bb][\/vc_column][\/vc_row][vc_row][vc_column width=\u00bb1\/4&#8243;][\/vc_column][vc_column width=\u00bb3\/4&#8243;][vc_gmaps link=\u00bb#E-8_JTNDaWZyYW1lJTIwc3JjJTNEJTIyaHR0cHMlM0ElMkYlMkZ3d3cuZ29vZ2xlLmNvbSUyRm1hcHMlMkZlbWJlZCUzRnBiJTNEJTIxMW0xOCUyMTFtMTIlMjExbTMlMjExZDMyNzIuMTQzNzc4NzgyNTk1MyUyMTJkLTU2LjE4MDAyNTkyNDg2Nzk0JTIxM2QtMzQuOTAyODQxMTczMzU2MDQ1JTIxMm0zJTIxMWYwJTIxMmYwJTIxM2YwJTIxM20yJTIxMWkxMDI0JTIxMmk3NjglMjE0ZjEzLjElMjEzbTMlMjExbTIlMjExczB4OTU5ZjgxM2Y2MTJmYTUzZiUyNTNBMHgyZDE0OWI3MDdjNjliM2NiJTIxMnNBdWRpdG9yaW8lMjUyMFZheiUyNTIwRmVycmVpcmElMjE1ZTAlMjEzbTIlMjExc2VzJTIxMnN1eSUyMTR2MTcwNjI4NDQ2MTY3MiUyMTVtMiUyMTFzZXMlMjEyc3V5JTIyJTIwd2lkdGglM0QlMjI2MDAlMjIlMjBoZWlnaHQlM0QlMjI0NTAlMjIlMjBzdHlsZSUzRCUyMmJvcmRlciUzQTAlM0IlMjIlMjBhbGxvd2Z1bGxzY3JlZW4lM0QlMjIlMjIlMjBsb2FkaW5nJTNEJTIybGF6eSUyMiUyMHJlZmVycmVycG9saWN5JTNEJTIybm8tcmVmZXJyZXItd2hlbi1kb3duZ3JhZGUlMjIlM0UlM0MlMkZpZnJhbWUlM0U=\u00bb][\/vc_column][\/vc_row]<\/p>\n<\/div>","protected":false},"excerpt":{"rendered":"<p>[vc_section][vc_row][vc_column width=\u00bb1\/4&#8243;][vc_row_inner css=\u00bb.vc_custom_1701196930383{padding-top: 30px !important;padding-right: 30px !important;padding-bottom: 30px !important;padding-left: 30px !important;}\u00bb][vc_column_inner][vc_column_text]Horarios Lunes a viernes de 15 a 21 horas Tel\u00e9fono: 2400 5368 18 de Julio 1790[\/vc_column_text][vc_empty_space height=\u00bb60px\u00bb][\/vc_column_inner][\/vc_row_inner][vc_empty_space height=\u00bb15px\u00bb][\/vc_column][vc_column width=\u00bb3\/4&#8243;][vc_single_image image=\u00bb853&#8243; img_size=\u00bblarge\u00bb][\/vc_column][\/vc_row][vc_row][vc_column width=\u00bb1\/4&#8243;][vc_column_text][\/vc_column_text][\/vc_column][vc_column width=\u00bb3\/4&#8243;][vc_column_text]Historia El 8 de setiembre de 2016, el Ministerio de Educaci\u00f3n y Cultura (MEC) transfiere a la \u00f3rbita del Sodre al Auditorio Vaz [&hellip;]<\/p>\n","protected":false},"author":1,"featured_media":0,"parent":0,"menu_order":0,"comment_status":"closed","ping_status":"closed","template":"","meta":{"footnotes":""},"acf":[],"yoast_head":"<!-- This site is optimized with the Yoast SEO plugin v21.7 - https:\/\/yoast.com\/wordpress\/plugins\/seo\/ -->\n<title>Auditorio Vaz Ferreira - Institucional<\/title>\n<meta name=\"robots\" content=\"index, follow, max-snippet:-1, max-image-preview:large, max-video-preview:-1\" \/>\n<link rel=\"canonical\" href=\"https:\/\/sodre.gub.uy\/institucional\/auditorio-vaz-ferreira\/\" \/>\n<meta property=\"og:locale\" content=\"es_ES\" \/>\n<meta property=\"og:type\" content=\"article\" \/>\n<meta property=\"og:title\" content=\"Auditorio Vaz Ferreira - Institucional\" \/>\n<meta property=\"og:description\" content=\"[vc_section][vc_row][vc_column width=\u00bb1\/4&#8243;][vc_row_inner css=\u00bb.vc_custom_1701196930383{padding-top: 30px !important;padding-right: 30px !important;padding-bottom: 30px !important;padding-left: 30px !important;}\u00bb][vc_column_inner][vc_column_text]Horarios Lunes a viernes de 15 a 21 horas Tel\u00e9fono: 2400 5368 18 de Julio 1790[\/vc_column_text][vc_empty_space height=\u00bb60px\u00bb][\/vc_column_inner][\/vc_row_inner][vc_empty_space height=\u00bb15px\u00bb][\/vc_column][vc_column width=\u00bb3\/4&#8243;][vc_single_image image=\u00bb853&#8243; img_size=\u00bblarge\u00bb][\/vc_column][\/vc_row][vc_row][vc_column width=\u00bb1\/4&#8243;][vc_column_text][\/vc_column_text][\/vc_column][vc_column width=\u00bb3\/4&#8243;][vc_column_text]Historia El 8 de setiembre de 2016, el Ministerio de Educaci\u00f3n y Cultura (MEC) transfiere a la \u00f3rbita del Sodre al Auditorio Vaz [&hellip;]\" \/>\n<meta property=\"og:url\" content=\"https:\/\/sodre.gub.uy\/institucional\/auditorio-vaz-ferreira\/\" \/>\n<meta property=\"og:site_name\" content=\"Institucional\" \/>\n<meta property=\"article:modified_time\" content=\"2026-02-02T15:18:01+00:00\" \/>\n<meta name=\"twitter:card\" content=\"summary_large_image\" \/>\n<meta name=\"twitter:label1\" content=\"Tiempo de lectura\" \/>\n\t<meta name=\"twitter:data1\" content=\"4 minutos\" \/>\n<script type=\"application\/ld+json\" class=\"yoast-schema-graph\">{\"@context\":\"https:\/\/schema.org\",\"@graph\":[{\"@type\":\"WebPage\",\"@id\":\"https:\/\/sodre.gub.uy\/institucional\/auditorio-vaz-ferreira\/\",\"url\":\"https:\/\/sodre.gub.uy\/institucional\/auditorio-vaz-ferreira\/\",\"name\":\"Auditorio Vaz Ferreira - Institucional\",\"isPartOf\":{\"@id\":\"https:\/\/sodre.gub.uy\/institucional\/#website\"},\"datePublished\":\"2023-11-15T18:38:54+00:00\",\"dateModified\":\"2026-02-02T15:18:01+00:00\",\"inLanguage\":\"es\",\"potentialAction\":[{\"@type\":\"ReadAction\",\"target\":[\"https:\/\/sodre.gub.uy\/institucional\/auditorio-vaz-ferreira\/\"]}]},{\"@type\":\"WebSite\",\"@id\":\"https:\/\/sodre.gub.uy\/institucional\/#website\",\"url\":\"https:\/\/sodre.gub.uy\/institucional\/\",\"name\":\"Institucional\",\"description\":\"Servicio Oficial de Difusi\u00f3n, Representaciones y Espect\u00e1culos\",\"publisher\":{\"@id\":\"https:\/\/sodre.gub.uy\/institucional\/#organization\"},\"potentialAction\":[{\"@type\":\"SearchAction\",\"target\":{\"@type\":\"EntryPoint\",\"urlTemplate\":\"https:\/\/sodre.gub.uy\/institucional\/?s={search_term_string}\"},\"query-input\":\"required name=search_term_string\"}],\"inLanguage\":\"es\"},{\"@type\":\"Organization\",\"@id\":\"https:\/\/sodre.gub.uy\/institucional\/#organization\",\"name\":\"Institucional\",\"url\":\"https:\/\/sodre.gub.uy\/institucional\/\",\"logo\":{\"@type\":\"ImageObject\",\"inLanguage\":\"es\",\"@id\":\"https:\/\/sodre.gub.uy\/institucional\/#\/schema\/logo\/image\/\",\"url\":\"https:\/\/sodre.gub.uy\/institucional\/wp-content\/uploads\/sites\/5\/2023\/12\/logo-sodre-black.svg\",\"contentUrl\":\"https:\/\/sodre.gub.uy\/institucional\/wp-content\/uploads\/sites\/5\/2023\/12\/logo-sodre-black.svg\",\"caption\":\"Institucional\"},\"image\":{\"@id\":\"https:\/\/sodre.gub.uy\/institucional\/#\/schema\/logo\/image\/\"}}]}<\/script>\n<!-- \/ Yoast SEO plugin. -->","yoast_head_json":{"title":"Auditorio Vaz Ferreira - Institucional","robots":{"index":"index","follow":"follow","max-snippet":"max-snippet:-1","max-image-preview":"max-image-preview:large","max-video-preview":"max-video-preview:-1"},"canonical":"https:\/\/sodre.gub.uy\/institucional\/auditorio-vaz-ferreira\/","og_locale":"es_ES","og_type":"article","og_title":"Auditorio Vaz Ferreira - Institucional","og_description":"[vc_section][vc_row][vc_column width=\u00bb1\/4&#8243;][vc_row_inner css=\u00bb.vc_custom_1701196930383{padding-top: 30px !important;padding-right: 30px !important;padding-bottom: 30px !important;padding-left: 30px !important;}\u00bb][vc_column_inner][vc_column_text]Horarios Lunes a viernes de 15 a 21 horas Tel\u00e9fono: 2400 5368 18 de Julio 1790[\/vc_column_text][vc_empty_space height=\u00bb60px\u00bb][\/vc_column_inner][\/vc_row_inner][vc_empty_space height=\u00bb15px\u00bb][\/vc_column][vc_column width=\u00bb3\/4&#8243;][vc_single_image image=\u00bb853&#8243; img_size=\u00bblarge\u00bb][\/vc_column][\/vc_row][vc_row][vc_column width=\u00bb1\/4&#8243;][vc_column_text][\/vc_column_text][\/vc_column][vc_column width=\u00bb3\/4&#8243;][vc_column_text]Historia El 8 de setiembre de 2016, el Ministerio de Educaci\u00f3n y Cultura (MEC) transfiere a la \u00f3rbita del Sodre al Auditorio Vaz [&hellip;]","og_url":"https:\/\/sodre.gub.uy\/institucional\/auditorio-vaz-ferreira\/","og_site_name":"Institucional","article_modified_time":"2026-02-02T15:18:01+00:00","twitter_card":"summary_large_image","twitter_misc":{"Tiempo de lectura":"4 minutos"},"schema":{"@context":"https:\/\/schema.org","@graph":[{"@type":"WebPage","@id":"https:\/\/sodre.gub.uy\/institucional\/auditorio-vaz-ferreira\/","url":"https:\/\/sodre.gub.uy\/institucional\/auditorio-vaz-ferreira\/","name":"Auditorio Vaz Ferreira - Institucional","isPartOf":{"@id":"https:\/\/sodre.gub.uy\/institucional\/#website"},"datePublished":"2023-11-15T18:38:54+00:00","dateModified":"2026-02-02T15:18:01+00:00","inLanguage":"es","potentialAction":[{"@type":"ReadAction","target":["https:\/\/sodre.gub.uy\/institucional\/auditorio-vaz-ferreira\/"]}]},{"@type":"WebSite","@id":"https:\/\/sodre.gub.uy\/institucional\/#website","url":"https:\/\/sodre.gub.uy\/institucional\/","name":"Institucional","description":"Servicio Oficial de Difusi\u00f3n, Representaciones y Espect\u00e1culos","publisher":{"@id":"https:\/\/sodre.gub.uy\/institucional\/#organization"},"potentialAction":[{"@type":"SearchAction","target":{"@type":"EntryPoint","urlTemplate":"https:\/\/sodre.gub.uy\/institucional\/?s={search_term_string}"},"query-input":"required name=search_term_string"}],"inLanguage":"es"},{"@type":"Organization","@id":"https:\/\/sodre.gub.uy\/institucional\/#organization","name":"Institucional","url":"https:\/\/sodre.gub.uy\/institucional\/","logo":{"@type":"ImageObject","inLanguage":"es","@id":"https:\/\/sodre.gub.uy\/institucional\/#\/schema\/logo\/image\/","url":"https:\/\/sodre.gub.uy\/institucional\/wp-content\/uploads\/sites\/5\/2023\/12\/logo-sodre-black.svg","contentUrl":"https:\/\/sodre.gub.uy\/institucional\/wp-content\/uploads\/sites\/5\/2023\/12\/logo-sodre-black.svg","caption":"Institucional"},"image":{"@id":"https:\/\/sodre.gub.uy\/institucional\/#\/schema\/logo\/image\/"}}]}},"_links":{"self":[{"href":"https:\/\/sodre.gub.uy\/institucional\/wp-json\/wp\/v2\/pages\/298"}],"collection":[{"href":"https:\/\/sodre.gub.uy\/institucional\/wp-json\/wp\/v2\/pages"}],"about":[{"href":"https:\/\/sodre.gub.uy\/institucional\/wp-json\/wp\/v2\/types\/page"}],"author":[{"embeddable":true,"href":"https:\/\/sodre.gub.uy\/institucional\/wp-json\/wp\/v2\/users\/1"}],"replies":[{"embeddable":true,"href":"https:\/\/sodre.gub.uy\/institucional\/wp-json\/wp\/v2\/comments?post=298"}],"version-history":[{"count":30,"href":"https:\/\/sodre.gub.uy\/institucional\/wp-json\/wp\/v2\/pages\/298\/revisions"}],"predecessor-version":[{"id":1178,"href":"https:\/\/sodre.gub.uy\/institucional\/wp-json\/wp\/v2\/pages\/298\/revisions\/1178"}],"wp:attachment":[{"href":"https:\/\/sodre.gub.uy\/institucional\/wp-json\/wp\/v2\/media?parent=298"}],"curies":[{"name":"wp","href":"https:\/\/api.w.org\/{rel}","templated":true}]}}