{"id":44,"date":"2023-10-27T14:31:33","date_gmt":"2023-10-27T17:31:33","guid":{"rendered":"https:\/\/sodre.gub.uy\/?page_id=44"},"modified":"2026-01-20T12:50:57","modified_gmt":"2026-01-20T15:50:57","slug":"inicio","status":"publish","type":"page","link":"https:\/\/sodre.gub.uy\/enfas\/","title":{"rendered":"Escuelas del Sodre"},"content":{"rendered":"<div class=\"wpb-content-wrapper\"><p>[vc_section el_class=\u00bbcyg&#8211;sec-slider\u00bb][vc_row disable_element=\u00bbyes\u00bb][vc_column]\n\n\n<!-- PRINCIPAL -->\n<div id=\"slide-principal\" class=\"cyg--slide principal\">\n\n\t<div class=\"owl-carousel\">\n\n\n\t\t\t\t\n\t\t<div class=\"item\">\n\t\t\t<section class=\"cyg--cont\">\n\t\t\t\t<figure class=\"cyg--ratio cyg--ratio-40\">\n\t\t\t\t\t<img \n\t\t\t\t\tclass=\"cyg--transition\" \n\t\t\t\t\tsrc=\"https:\/\/sodre.gub.uy\/enfas\/wp-content\/uploads\/sites\/3\/2024\/11\/banner-2025.png\" \n\t\t\t\t\talt=\"\">\n\t\t\t\t<\/figure>\n\n\t\t\t\t<div class=\"cyg--espacio\"><\/div>\n\t\t\t\t\n\t\t\t\t<div class=\"cyg--con-info\">\n\t\t\t\t\t<div class=\"cyg--info\">\n\n\t\t\t\t\t\t<section class=\"cyg--d-grid\">\n\t\t\t\t\t\t\t<div>\n\n\t\t\t\t\t\t\t\t\n\n\t\t\t\t\t\t\t\t<h1 role=\"heading\" class=\"cyg--display-3\">Inscripciones a todas la formaciones de Escuela Sodre 2025<\/h1>\n\n\t\t\t\t\t\t\t\t\t\t\t\t\t\t\t<\/div>\n\n\t\t\t\t\t\t\t<div role=\"complementary\">\n\n\t\t\t\t\t\t\t\t\n\t\t\t\t\t\t\t\t\n\t\t\t\t\t\t\t\t\n\t\t\t\t\t\t\t\t\n\t\t\t\t\t\t\t\t<a role=\"link\" class=\"cyg--btn\" href=\"https:\/\/sodre.gub.uy\/inscripciones-a-todas-la-formaciones-de-escuela-sodre-2025\/\">Ver m\u00e1s<\/a>\n\t\t\t\t\t\t\t\t\n\n\t\t\t\t\t\t\t<\/div>\n\t\t\t\t\t\t<\/section>\n\t\t\t\t\t<\/div>\n\t\t\t\t<\/div>\n\t\t\t\t\n\t\t\t<\/section>\n\t\t<\/div><!-- end item -->\n\n\t\t\n\t\t\n\t<\/div>\n<\/div>\n[vc_empty_space height=\u00bb60px\u00bb][\/vc_column][\/vc_row][\/vc_section][vc_section el_id=\u00bbinstitucional\u00bb css=\u00bb.vc_custom_1768484295895{padding-top: 90px !important;}\u00bb][vc_row gap=\u00bb30&#8243;][vc_column width=\u00bb1\/2&#8243;]\n\n<h2 \n\trole=\"heading\" \n\tclass=\"cyg--tit contenido cyg--font-gloock cyg--font-normal \"\n>\n\n\tInstitucional\n<\/h2>\n\n\n[vc_empty_space height=\u00bb40px\u00bb][vc_column_text]<\/p>\n<h4><strong>Misi\u00f3n<\/strong><\/h4>\n<p>La Escuela Nacional de Formaci\u00f3n Art\u00edstica Sodre, o Escuelas Sodre, constituyen una instituci\u00f3n educativa p\u00fablica y gratuita que potencia el desarrollo integral de artistas en la danza y el canto l\u00edrico, y forma docente en artes con menci\u00f3n en m\u00fasica y danza.<\/p>\n<p>Forma personas comprometidas cr\u00edticamente y empoderadas para su proyecci\u00f3n a nivel profesional nacional e internacional como creadores del mundo contempor\u00e1neo.<\/p>\n<h4><strong>Visi\u00f3n<\/strong><\/h4>\n<p>Ser un lugar l\u00edder e inspiracional que promueva el desarrollo del continuo aprendizaje en todas las personas que integran las Escuelas Sodre, poniendo el foco en el conocimiento art\u00edstico y cultural como nuestro mayor activo.<\/p>\n<p>Las Escuelas cuentan con propuestas formativas de alto nivel art\u00edstico, en donde se podr\u00e1 trabajar a partir de la pasi\u00f3n por las artes dedicando una alta carga horaria en una formaci\u00f3n integral, para que la pasi\u00f3n pueda ser as\u00ed inspiraci\u00f3n para otros en lo art\u00edstico y cultural.<\/p>\n<p>Espec\u00edficamente las formaciones art\u00edsticas generan diversas presentaciones en las salas del Sodre y en todo el territorio nacional. Las experiencias art\u00edsticas esc\u00e9nicas que se producen desde las Escuelas, no s\u00f3lo fortalecen las competencias preprofesionales de nuestros estudiantes en el escenario, sino que permiten tambi\u00e9n que m\u00e1s propuestas art\u00edsticas circulen en todo el territorio nacional promoviendo el acceso a los bienes y servicios culturales a la ciudadan\u00eda, ofreciendo y conectando en un mismo hecho a estudiantes con su propia cultura y con el mundo en general.<\/p>\n<p>Las Escuelas cuentan hoy con:<\/p>\n<ul>\n<li>5 formaciones art\u00edsticas: Ballet, Folclore, Danza Contempor\u00e1nea, Tango y Canto L\u00edrico.<\/li>\n<li>Formaci\u00f3n de Docentes en Arte con menci\u00f3n en Danza y M\u00fasica.<\/li>\n<li>Tres cuerpos juveniles que promueven la consolidaci\u00f3n a trav\u00e9s de la pr\u00e1ctica preprofesional de nuestros estudiantes y favorecen el acceso a bienes culturales de propuestas art\u00edsticas en todo el pa\u00eds mediante el Ballet Cl\u00e1sico Juvenil, Ballet Folcl\u00f3rico Juvenil y Elenco Contempor\u00e1neo Juvenil.<\/li>\n<\/ul>\n<p>[\/vc_column_text][vc_empty_space height=\u00bb40px\u00bb][\/vc_column][vc_column width=\u00bb1\/2&#8243; css=\u00bb.vc_custom_1701094734099{margin-top: 0px !important;border-top-width: 0px !important;padding-top: 0px !important;background-color: #eeeeee !important;}\u00bb][vc_empty_space height=\u00bb40px\u00bb][vc_row_inner gap=\u00bb15&#8243; el_class=\u00bbfix&#8211;padding\u00bb][vc_column_inner width=\u00bb1\/3&#8243;][vc_single_image image=\u00bb620&#8243; img_size=\u00bbfull\u00bb][vc_empty_space height=\u00bb15px\u00bb][\/vc_column_inner][vc_column_inner width=\u00bb2\/3&#8243;][vc_column_text]<strong>Escuela Nacional de Formaci\u00f3n Art\u00edstica Sodre<\/strong><\/p>\n<p>Av. Uruguay 876 \/ 878<br \/>\n2903 3143<br \/>\n2903 0661<\/p>\n<p><span style=\"color: #0000ff;\">escuelas@sodre.gub.uy<\/span><\/p>\n<p><span style=\"color: #0000ff;\">enfaartelirico@sodre.gub.uy<\/span><br \/>\n<span style=\"color: #0000ff;\">enfaballet@sodre.gub.uy<\/span><br \/>\n<span style=\"color: #0000ff;\">enfacontemporanea@sodre.gub.uy<\/span><br \/>\n<span style=\"color: #0000ff;\">enfafolclore@sodre.gub.uy<\/span><br \/>\n<span style=\"color: #0000ff;\">enfatango@sodre.gub.uy<\/span><br \/>\n<span style=\"color: #0000ff;\">enfaformaciondocente@sodre.gub.uy<\/span>[\/vc_column_text][\/vc_column_inner][\/vc_row_inner][vc_empty_space height=\u00bb40px\u00bb][vc_row_inner gap=\u00bb15&#8243; el_class=\u00bbfix&#8211;padding\u00bb][vc_column_inner width=\u00bb1\/3&#8243;][vc_single_image image=\u00bb527&#8243; img_size=\u00bbfull\u00bb][vc_empty_space height=\u00bb15px\u00bb][\/vc_column_inner][vc_column_inner width=\u00bb2\/3&#8243;][vc_column_text]<strong>Escuela Nacional de Arte L\u00edrico<\/strong><\/p>\n<p><a href=\"https:\/\/maps.app.goo.gl\/n86H6Bc5YsUPrxEq6\" target=\"_blank\" rel=\"noopener\">Ituzaing\u00f3 1295 esquina Buenos Aires<\/a><\/p>\n<p>Bedel\u00eda \u2013 <a href=\"tel:29171611\" target=\"_blank\" rel=\"noopener\">2917 16 11<\/a><\/p>\n<p><a href=\"mailto:enal@sodre.gub.uy\" target=\"_blank\" rel=\"noopener\">enal@sodre.gub.uy<\/a>[\/vc_column_text][\/vc_column_inner][\/vc_row_inner][vc_empty_space height=\u00bb40px\u00bb][\/vc_column][\/vc_row][vc_row][vc_column][vc_empty_space height=\u00bb60px\u00bb][\/vc_column][\/vc_row][\/vc_section][vc_section el_id=\u00bbcarreras\u00bb el_class=\u00bbcyg&#8211;sec carreras\u00bb][vc_row][vc_column]\n\n<h2 \n\trole=\"heading\" \n\tclass=\"cyg--tit contenido cyg--font-gloock cyg--font-normal \"\n>\n\n\tCarreras\n<\/h2>\n\n\n[vc_empty_space height=\u00bb40px\u00bb][\/vc_column][\/vc_row][vc_row gap=\u00bb15&#8243;][vc_column width=\u00bb1\/3&#8243; el_class=\u00bbcyg&#8211;col btn&#8211;box\u00bb column_link=\u00bburl:https%3A%2F%2Fsodre.gub.uy%2Fenfas%2Farte-lirico%2F|title:Divisi%C3%B3n%20L%C3%ADrica\u00bb][vc_raw_html]JTNDaDMlMjByb2xlJTNEJTIyaGVhZGluZyUyMiUzRUFydGUlMjBMJUMzJUFEcmljbyUzQyUyRmgzJTNF[\/vc_raw_html][vc_single_image image=\u00bb527&#8243; img_size=\u00bbfull\u00bb][\/vc_column][vc_column width=\u00bb1\/3&#8243; el_class=\u00bbcyg&#8211;col btn&#8211;box\u00bb column_link=\u00bburl:https%3A%2F%2Fsodre.gub.uy%2Fenfas%2Farea-ballet%2F|title:%C3%81rea%20Ballet\u00bb][vc_raw_html]JTNDaDMlMjByb2xlJTNEJTIyaGVhZGluZyUyMiUzRSVDMyU4MXJlYSUyMEJhbGxldCUzQyUyRmgzJTNF[\/vc_raw_html][vc_single_image image=\u00bb525&#8243; img_size=\u00bbfull\u00bb][\/vc_column][vc_column width=\u00bb1\/3&#8243; el_class=\u00bbcyg&#8211;col btn&#8211;box\u00bb column_link=\u00bburl:https%3A%2F%2Fsodre.gub.uy%2Fenfas%2Ffolclore%2F|title:Folclore\u00bb][vc_raw_html]JTNDaDMlMjByb2xlJTNEJTIyaGVhZGluZyUyMiUzRUZvbGNsb3JlJTNDJTJGaDMlM0U=[\/vc_raw_html][vc_single_image image=\u00bb529&#8243; img_size=\u00bbfull\u00bb][\/vc_column][\/vc_row][vc_row gap=\u00bb15&#8243;][vc_column width=\u00bb1\/3&#8243; el_class=\u00bbcyg&#8211;col btn&#8211;box\u00bb column_link=\u00bburl:https%3A%2F%2Fsodre.gub.uy%2Fenfas%2Fdanza-contemporanea%2F|title:Danza%20Contempor%C3%A1nea\u00bb][vc_raw_html]JTNDaDMlMjByb2xlJTNEJTIyaGVhZGluZyUyMiUzRURhbnphJTIwQ29udGVtcG9yJUMzJUExbmVhJTNDJTJGaDMlM0U=[\/vc_raw_html][vc_single_image image=\u00bb530&#8243; img_size=\u00bbfull\u00bb][\/vc_column][vc_column width=\u00bb1\/3&#8243; el_class=\u00bbcyg&#8211;col btn&#8211;box\u00bb column_link=\u00bburl:https%3A%2F%2Fsodre.gub.uy%2Fenfas%2Ftango%2F|title:Tango\u00bb][vc_raw_html]JTNDaDMlMjByb2xlJTNEJTIyaGVhZGluZyUyMiUzRVRhbmdvJTNDJTJGaDMlM0U=[\/vc_raw_html][vc_single_image image=\u00bb531&#8243; img_size=\u00bbfull\u00bb][\/vc_column][vc_column width=\u00bb1\/3&#8243; el_class=\u00bbcyg&#8211;col btn&#8211;box\u00bb column_link=\u00bburl:https%3A%2F%2Fsodre.gub.uy%2Fenfas%2Fformacion-docente-en-artes%2F|title:Formaci%C3%B3n%20Docente%20en%20Artes\u00bb][vc_raw_html]JTNDaDMlMjByb2xlJTNEJTIyaGVhZGluZyUyMiUzRUZvcm1hY2klQzMlQjNuJTIwRG9jZW50ZSUyMGVuJTIwQXJ0ZXMlM0MlMkZoMyUzRQ==[\/vc_raw_html][vc_single_image image=\u00bb616&#8243; img_size=\u00bbfull\u00bb][\/vc_column][\/vc_row][vc_row][vc_column][vc_empty_space height=\u00bb60px\u00bb][\/vc_column][\/vc_row][\/vc_section][vc_section disable_element=\u00bbyes\u00bb el_id=\u00bbactividades\u00bb el_class=\u00bbcyg&#8211;sec actividades\u00bb][vc_row][vc_column]\n\n<h2 \n\trole=\"heading\" \n\tclass=\"cyg--tit contenido cyg--font-gloock cyg--font-normal \"\n>\n\n\tActividades\n<\/h2>\n\n\n[vc_empty_space height=\u00bb40px\u00bb][vc_raw_html]QUMlQzMlODElMjBWQSUyMEVMJTIwU0xJREUlMjBERSUyMEFDVElWSURBREVT[\/vc_raw_html][vc_empty_space height=\u00bb60px\u00bb][\/vc_column][\/vc_row][\/vc_section][vc_section el_id=\u00bbelencos-juveniles\u00bb el_class=\u00bbcyg&#8211;sec carreras\u00bb][vc_row][vc_column]\n\n<h2 \n\trole=\"heading\" \n\tclass=\"cyg--tit contenido cyg--font-gloock cyg--font-normal \"\n>\n\n\tElencos Juveniles\n<\/h2>\n\n\n[vc_empty_space height=\u00bb40px\u00bb][\/vc_column][\/vc_row][vc_row gap=\u00bb30&#8243;][vc_column width=\u00bb1\/2&#8243;][vc_single_image image=\u00bb570&#8243; img_size=\u00bbfull\u00bb][vc_empty_space height=\u00bb30px\u00bb]\n\n<h2 \n\trole=\"heading\" \n\tclass=\"cyg--tit contenido cyg--font-gloock cyg--font-normal \"\n>\n\n\tBallet Folcl\u00f3rico Juvenil\n<\/h2>\n\n\n[vc_empty_space height=\u00bb15px\u00bb][vc_column_text]El objetivo es fomentar y difundir la riqueza de la danza folcl\u00f3rica promoviendo una perspectiva de la cultura como tradici\u00f3n e innovaci\u00f3n, preservando nuestro patrimonio cultural intangible.\u00a0Se da lugar a j\u00f3venes estudiantes y recientemente egresados para que desarrollen sus competencias art\u00edsticas en forma profesional en diversos escenarios en todo el territorio nacional y en el exterior.<\/p>\n<p>Fue creado en marzo del 2015 y llega a todo el territorio a trav\u00e9s de diversos espect\u00e1culos. Actualmente lo integran estudiantes y egresados del \u00c1rea Folclore de las Escuelas Sodre, oriundos de diferentes departamentos del pa\u00eds.<\/p>\n<p>En marzo de 2019 el BFJ fue declarado Marca Pa\u00eds por el Ministerio de Turismo.<\/p>\n<p><strong>Coordinaci\u00f3n General:<\/strong> Jorge Caride<\/p>\n<p><strong>Coordinaci\u00f3n Art\u00edstica:<\/strong> Hugo Suberbi\u00e9[\/vc_column_text][vc_empty_space height=\u00bb\u00bb el_class=\u00bbcyg&#8211;espacio-40&#8243;][\/vc_column][vc_column width=\u00bb1\/2&#8243;][vc_single_image image=\u00bb571&#8243; img_size=\u00bbfull\u00bb][vc_empty_space height=\u00bb30px\u00bb]\n\n<h2 \n\trole=\"heading\" \n\tclass=\"cyg--tit contenido cyg--font-gloock cyg--font-normal \"\n>\n\n\tBallet Cl\u00e1sico Juvenil\n<\/h2>\n\n\n[vc_empty_space height=\u00bb15px\u00bb][vc_column_text]Fue creado el 24 de marzo de 2022 y constituye la posibilidad de realizar una experiencia preprofesional que brinda a los estudiantes las herramientas para enfrentar el mundo laboral a nivel local y\/o internacional con mayor solidez. A su vez, este formato posibilita una manera eficaz y concreta de acercar el arte y dar a conocer la propuesta de formaci\u00f3n del Sodre en todo el pa\u00eds.<\/p>\n<p>Esta propuesta re\u00fane la concreci\u00f3n de dos objetivos fundamentales:<\/p>\n<ul>\n<li>Generar instancias de formaci\u00f3n y pr\u00e1ctica esc\u00e9nica que fortalezcan competencias y habilidades para el desempe\u00f1o como int\u00e9rpretes profesionales en danza cl\u00e1sica.<\/li>\n<li>Generar producciones art\u00edsticas y actividades que est\u00e9n al alcance del p\u00fablico joven con mayor presencia en el pa\u00eds, generando un acercamiento de nuestro arte a la comunidad.<\/li>\n<\/ul>\n<p>De esta forma, el \u00c1rea Ballet de las Escuelas llama a audici\u00f3n peri\u00f3dicamente a bailarines y estudiantes egresados para integrar el BCJ.<\/p>\n<p><strong>Coordinaci\u00f3n Art\u00edstica:<\/strong> Rossana Borghetti[\/vc_column_text][\/vc_column][\/vc_row][vc_row gap=\u00bb30&#8243;][vc_column width=\u00bb1\/2&#8243;][vc_single_image image=\u00bb697&#8243; img_size=\u00bbfull\u00bb][vc_empty_space height=\u00bb30px\u00bb]\n\n<h2 \n\trole=\"heading\" \n\tclass=\"cyg--tit contenido cyg--font-gloock cyg--font-normal \"\n>\n\n\tElenco Contempor\u00e1neo Juvenil\n<\/h2>\n\n\n[vc_empty_space height=\u00bb15px\u00bb][vc_column_text]Creado el 22 de febrero de 2024, se propone generar un espacio para que estudiantes avanzados\/as y egresados\/as de la Tecnicatura en Danza Contempor\u00e1nea puedan desarrollar proyectos art\u00edsticos propios, realizar intercambios creativos y llevarlos a la escena.<\/p>\n<p>Como todos los cuerpos juveniles de las Escuelas, el ECJ busca generar producciones art\u00edsticas y actividades que est\u00e9n al alcance del p\u00fablico joven con mayor presencia en todo el territorio, acercando la danza contempor\u00e1nea a la comunidad y dando a conocer la propuesta de formaci\u00f3n del Sodre en todo el pa\u00eds.<\/p>\n<p>El elenco realiza su debut esc\u00e9nico en el mes de octubre de 2024 en la sala Hugo Balzo del Auditorio Nacional Adela Reta.<\/p>\n<p><strong>Coordinaci\u00f3n Art\u00edstica:<\/strong> Andrea Salazar[\/vc_column_text][vc_empty_space height=\u00bb\u00bb el_class=\u00bbcyg&#8211;espacio-40&#8243;][\/vc_column][vc_column width=\u00bb1\/2&#8243;][\/vc_column][\/vc_row][vc_row][vc_column][vc_empty_space height=\u00bb60px\u00bb][\/vc_column][\/vc_row][vc_row gap=\u00bb30&#8243;][vc_column width=\u00bb1\/2&#8243;]\n\n<h3 \n\trole=\"heading\" \n\tclass=\"cyg--tit contenido cyg--font-gloock cyg--font-normal \"\n>\n\n\tSedes\n<\/h3>\n\n\n[vc_empty_space height=\u00bb15px\u00bb][vc_column_text]Las Escuelas hist\u00f3ricamente han generado un modelo de gesti\u00f3n colaborativo para desarrollar una mayor descentralizaci\u00f3n de la ciudad de Montevideo y lograr alcance a otras localidades.<\/p>\n<p>Mediante acuerdos con socios en el territorio nacional ha sido posible desarrollar algunas de las formaciones que se brindan con los mismos planes de estudio y nivel de exigencia en el departamento de Maldonado y Florida.<\/p>\n<p>El apoyo local de las intendencias ha sido fundamental y es lo que ha permitido que estas formaciones se desarrollen en vinculaci\u00f3n con lo que sucede en las Escuelas ubicadas en Montevideo.<\/p>\n<p>La sede y formaci\u00f3n que se realiza actualmente es:<\/p>\n<p><strong>Maldonado<\/strong><\/p>\n<p>Se desarrolla la formaci\u00f3n en danza cl\u00e1sica de primero a cuarto a\u00f1o.<\/p>\n<p>En el 2022 las clases se brindan en las instalaciones de la Escuela Departamental de Danza, ubicada en el Paseo San Fernando (calle 25 de Mayo y Sarand\u00ed).<\/p>\n<p>Las inscripciones se realizan anualmente en la Direcci\u00f3n General de Cultura, Unidad de Educaci\u00f3n, Casa de la Cultura (P\u00e9rez del Puerto entre Sarand\u00ed y Rom\u00e1n Guerra).[\/vc_column_text][vc_empty_space height=\u00bb40px\u00bb]\n\n<h3 \n\trole=\"heading\" \n\tclass=\"cyg--tit contenido cyg--font-gloock cyg--font-normal \"\n>\n\n\tEquipo\n<\/h3>\n\n\n[vc_empty_space height=\u00bb15px\u00bb][vc_column_text]<strong>Direcci\u00f3n General:<\/strong> Natalia Sobrera<\/p>\n<p><strong>Adjunto a la Direcci\u00f3n General:<\/strong> Emiliano D\u2019Agostino<\/p>\n<p><strong>Secretar\u00eda General:<\/strong> Victoria Mosqueira<\/p>\n<p><strong>Producci\u00f3n de Actividades Art\u00edsticas:<\/strong> Rodrigo Garmendia<\/p>\n<p><strong>Coordinaci\u00f3n Acad\u00e9mica \u00c1rea Arte L\u00edrico:<\/strong> Raquel Pierotti<\/p>\n<p><strong>Coordinaci\u00f3n Acad\u00e9mica \u00c1rea Ballet:<\/strong> Giovanna Martinatto<\/p>\n<p><strong>Coordinaci\u00f3n Acad\u00e9mica \u00c1rea Danza Contempor\u00e1nea:<\/strong> Andrea Salazar<\/p>\n<p><strong>Coordinaci\u00f3n Acad\u00e9mica \u00c1rea Folclore:<\/strong> Jorge Caride<\/p>\n<p><strong>Coordinaci\u00f3n Acad\u00e9mica \u00c1rea Tango:<\/strong> Paola Mainero<\/p>\n<p><strong>Coordinaci\u00f3n Acad\u00e9mica Formaci\u00f3n Docente:<\/strong> Laura Varela<\/p>\n<p><strong>Bedel\u00eda:<\/strong> Mat\u00edas Aguirre, Jos\u00e9 Daniel Colet, Mariela da Silva, Estela Losardo, Alicia Nardacioni, Eliana Rodr\u00edguez, Kaef Valverde.[\/vc_column_text][vc_empty_space height=\u00bb40px\u00bb]\n\n<h3 \n\trole=\"heading\" \n\tclass=\"cyg--tit contenido cyg--font-gloock cyg--font-normal \"\n>\n\n\tPrograma en Salud\n<\/h3>\n\n\n[vc_empty_space height=\u00bb15px\u00bb][vc_empty_space height=\u00bb15px\u00bb][vc_column_text]En 2021 se crea este programa con el objetivo de promover h\u00e1bitos saludables, personales y colectivos en el cuidado del clima institucional y la convivencia educativa. Se crea una mirada integral del cuidado del cuerpo como herramienta fundamental para el desarrollo en la danza y el canto l\u00edrico.<\/p>\n<p>Estos cuidados se promueven a trav\u00e9s de talleres integrales con t\u00e9cnicos en prevenci\u00f3n de lesiones.[\/vc_column_text][vc_empty_space height=\u00bb40px\u00bb][vc_column_text]<strong>Nutricionista:<\/strong> Lilena Ferrari<\/p>\n<p><strong>Fisioterapeuta:<\/strong> Rossana Fleitas[\/vc_column_text][\/vc_column][vc_column width=\u00bb1\/2&#8243;][\/vc_column][\/vc_row][\/vc_section]<\/p>\n<\/div>","protected":false},"excerpt":{"rendered":"<p>[vc_section el_class=\u00bbcyg&#8211;sec-slider\u00bb][vc_row disable_element=\u00bbyes\u00bb][vc_column][vc_empty_space height=\u00bb60px\u00bb][\/vc_column][\/vc_row][\/vc_section][vc_section el_id=\u00bbinstitucional\u00bb css=\u00bb.vc_custom_1768484295895{padding-top: 90px !important;}\u00bb][vc_row gap=\u00bb30&#8243;][vc_column width=\u00bb1\/2&#8243;][vc_empty_space height=\u00bb40px\u00bb][vc_column_text] Misi\u00f3n La Escuela Nacional de Formaci\u00f3n Art\u00edstica Sodre, o Escuelas Sodre, constituyen una instituci\u00f3n educativa p\u00fablica y gratuita que potencia el desarrollo integral de artistas en la danza y el canto l\u00edrico, y forma docente en artes con menci\u00f3n en m\u00fasica y danza. Forma [&hellip;]<\/p>\n","protected":false},"author":1,"featured_media":0,"parent":0,"menu_order":0,"comment_status":"closed","ping_status":"closed","template":"","meta":{"footnotes":""},"acf":[],"yoast_head":"<!-- This site is optimized with the Yoast SEO plugin v21.7 - https:\/\/yoast.com\/wordpress\/plugins\/seo\/ -->\n<title>Escuela Nacional de Formaci\u00f3n Art\u00edstica<\/title>\n<meta name=\"description\" content=\"El Servicio Oficial de Difusi\u00f3n, Representaciones y Espect\u00e1culos (Sodre) es el instituto uruguayo dependiente del Ministerio de Educaci\u00f3n y Cultura dedicado a la realizaci\u00f3n y difusi\u00f3n de espect\u00e1culos culturales, adem\u00e1s de la formaci\u00f3n art\u00edstica.\" \/>\n<meta name=\"robots\" content=\"index, follow, max-snippet:-1, max-image-preview:large, max-video-preview:-1\" \/>\n<link rel=\"canonical\" href=\"https:\/\/sodre.gub.uy\/enfas\/\" \/>\n<meta property=\"og:locale\" content=\"es_ES\" \/>\n<meta property=\"og:type\" content=\"article\" \/>\n<meta property=\"og:title\" content=\"Escuela Nacional de Formaci\u00f3n Art\u00edstica\" \/>\n<meta property=\"og:description\" content=\"El Servicio Oficial de Difusi\u00f3n, Representaciones y Espect\u00e1culos (Sodre) es el instituto uruguayo dependiente del Ministerio de Educaci\u00f3n y Cultura dedicado a la realizaci\u00f3n y difusi\u00f3n de espect\u00e1culos culturales, adem\u00e1s de la formaci\u00f3n art\u00edstica.\" \/>\n<meta property=\"og:url\" content=\"https:\/\/sodre.gub.uy\/enfas\/\" \/>\n<meta property=\"og:site_name\" content=\"Escuela Nacional de Formaci\u00f3n Art\u00edstica\" \/>\n<meta property=\"article:modified_time\" content=\"2026-01-20T15:50:57+00:00\" \/>\n<meta name=\"twitter:card\" content=\"summary_large_image\" \/>\n<meta name=\"twitter:label1\" content=\"Tiempo de lectura\" \/>\n\t<meta name=\"twitter:data1\" content=\"8 minutos\" \/>\n<script type=\"application\/ld+json\" class=\"yoast-schema-graph\">{\"@context\":\"https:\/\/schema.org\",\"@graph\":[{\"@type\":\"WebPage\",\"@id\":\"https:\/\/sodre.gub.uy\/enfas\/\",\"url\":\"https:\/\/sodre.gub.uy\/enfas\/\",\"name\":\"Escuela Nacional de Formaci\u00f3n Art\u00edstica\",\"isPartOf\":{\"@id\":\"https:\/\/sodre.gub.uy\/enfas\/#website\"},\"datePublished\":\"2023-10-27T17:31:33+00:00\",\"dateModified\":\"2026-01-20T15:50:57+00:00\",\"description\":\"El Servicio Oficial de Difusi\u00f3n, Representaciones y Espect\u00e1culos (Sodre) es el instituto uruguayo dependiente del Ministerio de Educaci\u00f3n y Cultura dedicado a la realizaci\u00f3n y difusi\u00f3n de espect\u00e1culos culturales, adem\u00e1s de la formaci\u00f3n art\u00edstica.\",\"inLanguage\":\"es\",\"potentialAction\":[{\"@type\":\"ReadAction\",\"target\":[\"https:\/\/sodre.gub.uy\/enfas\/\"]}]},{\"@type\":\"WebSite\",\"@id\":\"https:\/\/sodre.gub.uy\/enfas\/#website\",\"url\":\"https:\/\/sodre.gub.uy\/enfas\/\",\"name\":\"Escuela Nacional de Formaci\u00f3n Art\u00edstica\",\"description\":\"Servicio Oficial de Difusi\u00f3n, Representaciones y Espect\u00e1culos\",\"publisher\":{\"@id\":\"https:\/\/sodre.gub.uy\/enfas\/#organization\"},\"potentialAction\":[{\"@type\":\"SearchAction\",\"target\":{\"@type\":\"EntryPoint\",\"urlTemplate\":\"https:\/\/sodre.gub.uy\/enfas\/?s={search_term_string}\"},\"query-input\":\"required name=search_term_string\"}],\"inLanguage\":\"es\"},{\"@type\":\"Organization\",\"@id\":\"https:\/\/sodre.gub.uy\/enfas\/#organization\",\"name\":\"Escuela Nacional de Formaci\u00f3n Art\u00edstica\",\"url\":\"https:\/\/sodre.gub.uy\/enfas\/\",\"logo\":{\"@type\":\"ImageObject\",\"inLanguage\":\"es\",\"@id\":\"https:\/\/sodre.gub.uy\/enfas\/#\/schema\/logo\/image\/\",\"url\":\"https:\/\/sodre.gub.uy\/enfas\/wp-content\/uploads\/sites\/3\/2023\/12\/logo-sodre-black.svg\",\"contentUrl\":\"https:\/\/sodre.gub.uy\/enfas\/wp-content\/uploads\/sites\/3\/2023\/12\/logo-sodre-black.svg\",\"caption\":\"Escuela Nacional de Formaci\u00f3n Art\u00edstica\"},\"image\":{\"@id\":\"https:\/\/sodre.gub.uy\/enfas\/#\/schema\/logo\/image\/\"}}]}<\/script>\n<!-- \/ Yoast SEO plugin. -->","yoast_head_json":{"title":"Escuela Nacional de Formaci\u00f3n Art\u00edstica","description":"El Servicio Oficial de Difusi\u00f3n, Representaciones y Espect\u00e1culos (Sodre) es el instituto uruguayo dependiente del Ministerio de Educaci\u00f3n y Cultura dedicado a la realizaci\u00f3n y difusi\u00f3n de espect\u00e1culos culturales, adem\u00e1s de la formaci\u00f3n art\u00edstica.","robots":{"index":"index","follow":"follow","max-snippet":"max-snippet:-1","max-image-preview":"max-image-preview:large","max-video-preview":"max-video-preview:-1"},"canonical":"https:\/\/sodre.gub.uy\/enfas\/","og_locale":"es_ES","og_type":"article","og_title":"Escuela Nacional de Formaci\u00f3n Art\u00edstica","og_description":"El Servicio Oficial de Difusi\u00f3n, Representaciones y Espect\u00e1culos (Sodre) es el instituto uruguayo dependiente del Ministerio de Educaci\u00f3n y Cultura dedicado a la realizaci\u00f3n y difusi\u00f3n de espect\u00e1culos culturales, adem\u00e1s de la formaci\u00f3n art\u00edstica.","og_url":"https:\/\/sodre.gub.uy\/enfas\/","og_site_name":"Escuela Nacional de Formaci\u00f3n Art\u00edstica","article_modified_time":"2026-01-20T15:50:57+00:00","twitter_card":"summary_large_image","twitter_misc":{"Tiempo de lectura":"8 minutos"},"schema":{"@context":"https:\/\/schema.org","@graph":[{"@type":"WebPage","@id":"https:\/\/sodre.gub.uy\/enfas\/","url":"https:\/\/sodre.gub.uy\/enfas\/","name":"Escuela Nacional de Formaci\u00f3n Art\u00edstica","isPartOf":{"@id":"https:\/\/sodre.gub.uy\/enfas\/#website"},"datePublished":"2023-10-27T17:31:33+00:00","dateModified":"2026-01-20T15:50:57+00:00","description":"El Servicio Oficial de Difusi\u00f3n, Representaciones y Espect\u00e1culos (Sodre) es el instituto uruguayo dependiente del Ministerio de Educaci\u00f3n y Cultura dedicado a la realizaci\u00f3n y difusi\u00f3n de espect\u00e1culos culturales, adem\u00e1s de la formaci\u00f3n art\u00edstica.","inLanguage":"es","potentialAction":[{"@type":"ReadAction","target":["https:\/\/sodre.gub.uy\/enfas\/"]}]},{"@type":"WebSite","@id":"https:\/\/sodre.gub.uy\/enfas\/#website","url":"https:\/\/sodre.gub.uy\/enfas\/","name":"Escuela Nacional de Formaci\u00f3n Art\u00edstica","description":"Servicio Oficial de Difusi\u00f3n, Representaciones y Espect\u00e1culos","publisher":{"@id":"https:\/\/sodre.gub.uy\/enfas\/#organization"},"potentialAction":[{"@type":"SearchAction","target":{"@type":"EntryPoint","urlTemplate":"https:\/\/sodre.gub.uy\/enfas\/?s={search_term_string}"},"query-input":"required name=search_term_string"}],"inLanguage":"es"},{"@type":"Organization","@id":"https:\/\/sodre.gub.uy\/enfas\/#organization","name":"Escuela Nacional de Formaci\u00f3n Art\u00edstica","url":"https:\/\/sodre.gub.uy\/enfas\/","logo":{"@type":"ImageObject","inLanguage":"es","@id":"https:\/\/sodre.gub.uy\/enfas\/#\/schema\/logo\/image\/","url":"https:\/\/sodre.gub.uy\/enfas\/wp-content\/uploads\/sites\/3\/2023\/12\/logo-sodre-black.svg","contentUrl":"https:\/\/sodre.gub.uy\/enfas\/wp-content\/uploads\/sites\/3\/2023\/12\/logo-sodre-black.svg","caption":"Escuela Nacional de Formaci\u00f3n Art\u00edstica"},"image":{"@id":"https:\/\/sodre.gub.uy\/enfas\/#\/schema\/logo\/image\/"}}]}},"_links":{"self":[{"href":"https:\/\/sodre.gub.uy\/enfas\/wp-json\/wp\/v2\/pages\/44"}],"collection":[{"href":"https:\/\/sodre.gub.uy\/enfas\/wp-json\/wp\/v2\/pages"}],"about":[{"href":"https:\/\/sodre.gub.uy\/enfas\/wp-json\/wp\/v2\/types\/page"}],"author":[{"embeddable":true,"href":"https:\/\/sodre.gub.uy\/enfas\/wp-json\/wp\/v2\/users\/1"}],"replies":[{"embeddable":true,"href":"https:\/\/sodre.gub.uy\/enfas\/wp-json\/wp\/v2\/comments?post=44"}],"version-history":[{"count":131,"href":"https:\/\/sodre.gub.uy\/enfas\/wp-json\/wp\/v2\/pages\/44\/revisions"}],"predecessor-version":[{"id":816,"href":"https:\/\/sodre.gub.uy\/enfas\/wp-json\/wp\/v2\/pages\/44\/revisions\/816"}],"wp:attachment":[{"href":"https:\/\/sodre.gub.uy\/enfas\/wp-json\/wp\/v2\/media?parent=44"}],"curies":[{"name":"wp","href":"https:\/\/api.w.org\/{rel}","templated":true}]}}