{"id":402,"date":"2023-11-29T15:16:40","date_gmt":"2023-11-29T18:16:40","guid":{"rendered":"https:\/\/sodre.gub.uy\/escuelas-sodre\/?page_id=402"},"modified":"2026-01-07T11:30:04","modified_gmt":"2026-01-07T14:30:04","slug":"area-ballet","status":"publish","type":"page","link":"https:\/\/sodre.gub.uy\/enfas\/area-ballet\/","title":{"rendered":"\u00c1rea Ballet"},"content":{"rendered":"<div class=\"wpb-content-wrapper\"><p>[vc_section][vc_row gap=\u00bb30&#8243;][vc_column width=\u00bb1\/2&#8243;][vc_column_text]La Escuela Nacional de Danza, \u00c1rea Ballet, fue creada en 1975 por el Ministerio de Educaci\u00f3n y Cultura (MEC), bajo la direcci\u00f3n de su fundadora, Margaret Graham con la denominaci\u00f3n de Escuela Nacional de Danza, Divisi\u00f3n Ballet. Esta instituci\u00f3n naci\u00f3 de la necesidad de formar bailarines profesionales en Ballet, que en el futuro se unir\u00edan al Cuerpo de Baile del Sodre, actualmente conocido como Ballet Nacional Sodre (BNS).<\/p>\n<p>As\u00ed se cre\u00f3 la primera entidad en Uruguay que ofrece ense\u00f1anza pr\u00e1ctica y te\u00f3rica del Ballet de manera gratuita y con el respaldo del Estado. La formaci\u00f3n en T\u00e9cnica de Ballet Cl\u00e1sico inculca en los estudiantes valores como la disciplina, el respeto, la superaci\u00f3n personal y el trabajo en equipo, como as\u00ed tambi\u00e9n se les brinda herramientas esenciales para su desarrollo profesional y personal, contribuyendo significativamente a la sociedad.<\/p>\n<p>El \u00c1rea Ballet tiene como objetivo principal promover y difundir el patrimonio cultural de la Danza Cl\u00e1sica. A lo largo de los a\u00f1os, ha contado con la participaci\u00f3n de destacados maestros, repositores y core\u00f3grafos tanto nacionales como internacionales, enriqueciendo la formaci\u00f3n de estudiantes y docentes.<\/p>\n<p>Los graduados de esta Instituci\u00f3n han sobresalido al integrarse en el BNS y en diversas compa\u00f1\u00edas internacionales. La formaci\u00f3n se centra en preparar bailarines profesionales en Danza Cl\u00e1sica, dot\u00e1ndolos de la t\u00e9cnica y el arte necesarios para su inserci\u00f3n laboral, tanto en Uruguay como en el extranjero.<\/p>\n<p>El objetivo principal de esta formaci\u00f3n es capacitar a bailarines profesionales en Danza Cl\u00e1sica, quienes est\u00e1n preparados para integrarse al mercado laboral tanto en Uruguay como en el extranjero, fomentando en los estudiantes una s\u00f3lida base t\u00e9cnica y art\u00edstica.<\/p>\n<p>La duraci\u00f3n del programa es de ocho a\u00f1os, con un enfoque intensivo y una formaci\u00f3n integral. Adem\u00e1s, se complementa con uno a dos a\u00f1os adicionales de un plan curricular que fue presentado en 2022 al Ministerio de Educaci\u00f3n y Cultura como una Tecnicatura, con la intenci\u00f3n de que su titulaci\u00f3n sea de nivel terciario no universitario. Esta Tecnicatura se centra en el desarrollo de la experiencia art\u00edstica de los alumnos, prepar\u00e1ndolos para su futura carrera profesional mediante la pr\u00e1ctica diaria en el Ballet Cl\u00e1sico Juvenil (BCJ).[\/vc_column_text][vc_empty_space height=\u00bb40px\u00bb]\n\n<h3 \n\trole=\"heading\" \n\tclass=\"cyg--tit contenido cyg--font-inter cyg--font-normal \"\n>\n\n\tEquipo\n<\/h3>\n\n\n[vc_empty_space height=\u00bb15px\u00bb][vc_column_text]<strong>Direcci\u00f3n General Escuelas Sodre:<\/strong> Natalia Sobrera<\/p>\n<p><strong>Adjunto a la Direcci\u00f3n General:<\/strong> Emiliano D\u2019Agostino<\/p>\n<p><strong>Producci\u00f3n Art\u00edstica:<\/strong> Rodrigo Garmendia<\/p>\n<p><strong>Secretar\u00eda General:<\/strong> Victoria Mosqueira<\/p>\n<p><strong>Coordinaci\u00f3n Acad\u00e9mica \u2013 \u00c1rea Ballet:<\/strong> Giovanna Martinatto<\/p>\n<p>&nbsp;<\/p>\n<p><strong>Docentes \u00c1rea Ballet<\/strong><\/p>\n<p>Alejandro Almada:<strong> Acondicionamiento F\u00edsico Espec\u00edfico<\/strong><br \/>\nPaula Bertiz:<strong> T\u00e9cnica Cl\u00e1sica<\/strong><br \/>\nRosana Bleier:<strong> T\u00e9cnica Cl\u00e1sica<\/strong><br \/>\nMar\u00eda Noel Bonino:<strong> Danzas de Car\u00e1cter, Pr\u00e1ctica Esc\u00e9nica, Maestra ensayadora BCJ<\/strong><br \/>\nSilvana Buchmuller:<strong> T\u00e9cnica Cl\u00e1sica<\/strong><br \/>\nCecilia Canessa: <strong>Gesti\u00f3n y Producci\u00f3n<\/strong><br \/>\nJavier Cazorla: <strong>Flamenco<\/strong><br \/>\nCristina Chamorro:<strong> T\u00e9cnica Cl\u00e1sica<\/strong><br \/>\nLuc\u00eda Chilibroste:<strong> Historia del Ballet y del Arte<\/strong><br \/>\nLeticia Correa:<strong> T\u00e9cnica Cl\u00e1sica (Maldonado)<\/strong><br \/>\nEmiliano D\u2019Agostino:<strong> Taller Coreogr\u00e1fico y Danza Contempor\u00e1nea<\/strong><br \/>\nOscar Dotta:<strong> M\u00fasica<\/strong><br \/>\nVanessa Fleita:<strong> T\u00e9cnica Cl\u00e1sica, Repertorio<\/strong><br \/>\nRossana Fleitas:<strong> Anatom\u00eda para el movimiento<\/strong><br \/>\nDaniel Galarraga:<strong> T\u00e9cnica Cl\u00e1sica (Maldonado)<\/strong><br \/>\nRodrigo Garmendia:<strong> Arte esc\u00e9nico<\/strong><br \/>\nFederico Godoy:<strong> T\u00e9cnica Cl\u00e1sica, Introducci\u00f3n a la t\u00e9cnica de Pas de Deux<\/strong><br \/>\nAlejandro Gonz\u00e1lez:<strong> T\u00e9cnica Cl\u00e1sica, T\u00e9cnica de Pas de Deux<\/strong><br \/>\nIgnacio L\u00f3pez:<strong> M\u00fasica<\/strong><br \/>\nPatricia Mart\u00ednez:<strong> T\u00e9cnica Cl\u00e1sica<\/strong><br \/>\nChristian Moyano:<strong> Improvisaci\u00f3n y Composici\u00f3n<\/strong><br \/>\nSergio Muzzio:<strong> Repertorio, Pr\u00e1ctica Esc\u00e9nica, Maestro Ensayador BCJ<\/strong><br \/>\nLuiz Otavio Santiago:<strong> T\u00e9cnica Cl\u00e1sica<\/strong><br \/>\nJ\u00e9sica Schapira:<strong> T\u00e9cnica Cl\u00e1sica y Danza Contempor\u00e1nea<\/strong><br \/>\nGabriela Peirano:<strong> T\u00e9cnica Cl\u00e1sica<\/strong><br \/>\nPaula Penachio:<strong> T\u00e9cnica Cl\u00e1sica<\/strong><br \/>\nAntonella Poletto:<strong> T\u00e9cnica Cl\u00e1sica<\/strong><br \/>\nCareliz Povea:<strong> T\u00e9cnica Cl\u00e1sica<\/strong><br \/>\nMart\u00edn Segovia:<strong> Soportes Audiovisuales<\/strong><br \/>\nSoledad Vera:<strong> T\u00e9cnica Cl\u00e1sica<\/strong><br \/>\nAna Claudia Villamil:<strong> T\u00e9cnica cl\u00e1sica, Maestra Ensayadora BCJ<\/strong><br \/>\nSof\u00eda Sajac:<strong> T\u00e9cnica Cl\u00e1sica, Pr\u00e1ctica Esc\u00e9nica, Maestra ensayadora BCJ<\/strong><\/p>\n<p><strong>Pianistas acompa\u00f1antes<\/strong><\/p>\n<p>Adri\u00e1n Braida<br \/>\nIv\u00e1n Fern\u00e1ndez<br \/>\nJudith Fleita<br \/>\nSebasti\u00e1n Stortti<br \/>\nPablo Vel\u00e1squez<br \/>\nJos\u00e9 Vicente<\/p>\n<p><strong>Equipo administrativo<\/strong><\/p>\n<p>Mariela da Silva<br \/>\nEstela Losardo<br \/>\nKaef Valverde<\/p>\n<p><strong>Ballet Cl\u00e1sico Juvenil (BCJ)<\/strong><br \/>\n<strong>Coordinaci\u00f3n Art\u00edstica:<\/strong> Rossana Borghetti[\/vc_column_text][vc_empty_space height=\u00bb40px\u00bb]\n\n<h3 \n\trole=\"heading\" \n\tclass=\"cyg--tit contenido cyg--font-inter cyg--font-normal \"\n>\n\n\tInscripciones\n<\/h3>\n\n\n[vc_empty_space height=\u00bb15px\u00bb][vc_column_text]<em style=\"margin: 0px;padding: 0px;position: relative\">Cierre de inscripciones 31 de diciembre de 2025.<\/em><\/p>\n<p>&nbsp;<\/p>\n<h4><strong>Ingreso primer a\u00f1o Curso Regular Danza Cl\u00e1sica y primer a\u00f1o intensivo de varones<\/strong><\/h4>\n<p>&nbsp;<\/p>\n<p><strong>Requisitos<\/strong><\/p>\n<ul>\n<li>Edades curso regular: Ni\u00f1os entre 9 y 12 a\u00f1os cumplidos al mes de abril inclusive del ciclo lectivo al que postula. (Este requisito es para cursar en el departamento de Montevideo y Maldonado).<\/li>\n<li>Edades curso regular intensivo de varones: J\u00f3venes entre 13 a\u00f1os y 18 a\u00f1os (cumplidos en m\u00e1ximo en abril del ciclo lectivo al que postula).<\/li>\n<li>No se necesita tener experiencia ni conocimiento previo para ninguno de los dos cursos.<\/li>\n<li>Disponibilidad horaria para cursar primer a\u00f1o de lunes a viernes de 17.30 a 20 h (la formaci\u00f3n curricular completa desarrolla sus cursos de lunes a viernes de 14 a 20 h).<\/li>\n<li>Carn\u00e9 de salud o carn\u00e9 del adolescente vigente.<\/li>\n<\/ul>\n<p>Durante la audici\u00f3n hay una mesa integrada por la Coordinaci\u00f3n Acad\u00e9mica y el plantel docente la cual eval\u00faa si los aspirantes re\u00fanen las competencias f\u00edsicas y art\u00edsticas iniciales necesarias para esta disciplina.<\/p>\n<p>Las audiciones son de car\u00e1cter eliminatorio. Si es necesario, ser\u00e1n llamados a una segunda instancia, tambi\u00e9n eliminatoria.<\/p>\n<p>Competencias que se evaluar\u00e1n en la audici\u00f3n:<\/p>\n<ul>\n<li>Condiciones f\u00edsicas (por ejemplo: flexibilidad, rotaci\u00f3n, apertura).<\/li>\n<li>Competencias generales para la danza cl\u00e1sica (por ejemplo: musicalidad, coordinaci\u00f3n).<\/li>\n<li>Aptitudes art\u00edsticas y r\u00edtmicas hacia la danza cl\u00e1sica.<\/li>\n<\/ul>\n<p>Una vez aprobada esta instancia, el estudiante ser\u00e1 admitido de manera condicional, siendo el primer trimestre del a\u00f1o lectivo un per\u00edodo de prueba. Finalizado este per\u00edodo, luego de la primera evaluaci\u00f3n se decidir\u00e1 su continuidad en la instituci\u00f3n.<\/p>\n<p>Los resultados de las audiciones ser\u00e1n informadas v\u00eda correo electr\u00f3nico.<\/p>\n<p>&nbsp;<\/p>\n<h4>Ingreso a Danza Cl\u00e1sica con conocimientos previos<\/h4>\n<p><strong>Ingreso a nivel medio Regular y Curso Intensivo Varones con conocimientos<\/strong><\/p>\n<p><strong>Requisitos<\/strong><\/p>\n<ul>\n<li>Edades curso Regular: entre 13 y 15 a\u00f1os.<\/li>\n<li>Edades curso Intensivo de Varones: entre 15 y 17 a\u00f1os.<\/li>\n<li>Disponibilidad horaria de lunes a viernes de 14 a 20 h.<\/li>\n<li>Carn\u00e9 de salud o carn\u00e9 del adolescente vigente.<\/li>\n<\/ul>\n<p><strong>Proceso de selecci\u00f3n<\/strong><\/p>\n<p>Para quienes tienen conocimientos previos, el proceso de selecci\u00f3n consta de dos etapas:<\/p>\n<ul>\n<li><strong>Primera etapa: env\u00edo de video<\/strong><\/li>\n<\/ul>\n<p>Se deber\u00e1 respetar una calidad aceptable, ser visibles, no poseer alguna edici\u00f3n de audio\/video y deber\u00e1n incluir:<\/p>\n<ul>\n<li>Un ejercicio de Pli\u00e9 \u2013 solo de lado derecho.<\/li>\n<li>Un ejercicio de Battement Tend\u00fa y Battement Jet\u00e9 en la barra solo con una pierna (derecha o izquierda).<\/li>\n<li>Un ejercicio de Battement Fond\u00fa.<\/li>\n<li>Un adagio simple en la barra solo con una pierna (derecha o izquierda).<\/li>\n<li>Un ejercicio de Grand Battement.<\/li>\n<li>Un ejercicio de saltos chicos, salto medio y grandes saltos en el centro.<\/li>\n<li>Un ejercicio de relev\u00e9, echappes, pirouette y sissonne simple en puntas (solo mujeres).<\/li>\n<\/ul>\n<p>El candidato deber\u00e1 ser visible en todo momento en la pantalla. La c\u00e1mara grabadora deber\u00e1 ubicarse a una distancia que se pueda observar el cuerpo entero del postulante.<\/p>\n<p>Deber\u00e1n subirse a YouTube con la configuraci\u00f3n de privacidad fijada en \u00abNo listado\u00bb y enviada a <span style=\"color: #0000ff\">enfaballet@sodre.gub.uy<\/span> antes del 15 de enero de 2025.<\/p>\n<p>El nombre del video deber\u00e1 tener el siguiente formato: \u00abApellido, Nombre, C.I. \u2013 Audici\u00f3n Escuelas SODRE\u2013Ballet\u00bb. Incluir en la descripci\u00f3n del video nombre completo y edad.<\/p>\n<p>El jurado evaluar\u00e1 los videos recibidos y har\u00e1 una preselecci\u00f3n. Los aspirantes que aprueben dicha instancia ser\u00e1n notificados por correo electr\u00f3nico.<\/p>\n<ul>\n<li><strong>Segunda etapa<\/strong><\/li>\n<\/ul>\n<p>Superada la primera etapa, el aspirante ser\u00e1 convocado a una instancia presencial al inicio del curso lectivo en el mes de febrero.<\/p>\n<p>Una vez cumplida esta instancia, de acuerdo al desempe\u00f1o del aspirante, la coordinaci\u00f3n y la docente a cargo del grupo, decidir\u00e1n el nivel a cursar (primer trimestre a prueba).<\/p>\n<p><strong>Competencias que se evaluar\u00e1n en todo el proceso<\/strong><\/p>\n<ul>\n<li>Aptitud y condici\u00f3n f\u00edsica.<\/li>\n<li>Competencias generales para la danza cl\u00e1sica.<\/li>\n<li>Nivel t\u00e9cnico acad\u00e9mico acorde.<\/li>\n<li>Condiciones r\u00edtmicas y art\u00edsticas hacia la danza cl\u00e1sica.<\/li>\n<\/ul>\n<p>Las decisiones de las mesas evaluadoras son de car\u00e1cter inapelable y ser\u00e1n comunicadas por correo electr\u00f3nico.[\/vc_column_text][vc_empty_space height=\u00bb15px\u00bb][vc_empty_space height=\u00bb40px\u00bb][vc_column_text]<\/p>\n<h4>Inscripci\u00f3n a audici\u00f3n para el Ballet Cl\u00e1sico Juvenil<\/h4>\n<p><strong>Requisitos<\/strong><\/p>\n<ul>\n<li>Edades: entre 17 y 25 a\u00f1os.<\/li>\n<li>Contar con formaci\u00f3n en Ballet cl\u00e1sico y Danza contempor\u00e1nea (nivel pre\u2013profesional).<\/li>\n<li>Disponibilidad horaria de lunes a viernes de 14 a 20 h y eventualmente los fines de semana.<\/li>\n<li>Carn\u00e9 de salud vigente.<\/li>\n<\/ul>\n<p>&nbsp;<\/p>\n<p><strong>Primera etapa<\/strong><\/p>\n<p>Luego de llenar el formulario de inscripci\u00f3n, deber\u00e1 enviar un video con los siguientes requerimientos:<\/p>\n<p>Se deber\u00e1 respetar una calidad aceptable, ser visibles, no poseer alguna edici\u00f3n de audio\/video y deber\u00e1n incluir:<\/p>\n<ul>\n<li>Un ejercicio de Pli\u00e9 \u2013 solo de lado derecho.<\/li>\n<li>Un ejercicio de Battement Tend\u00fa y Battement Jet\u00e9 en la barra solo con una pierna (derecha o izquierda).<\/li>\n<li>Un ejercicio de Battement Fond\u00fa.<\/li>\n<li>Un adagio simple en la barra solo con una pierna (derecha o izquierda).<\/li>\n<li>Un ejercicio de Grand Battement.<\/li>\n<li>Un ejercicio de saltos chicos, salto medio y grandes saltos en el centro.<\/li>\n<li>Un ejercicio de relev\u00e9, echappes, pirouette y sissonne simple en puntas (solo mujeres).<\/li>\n<\/ul>\n<p>El candidato deber\u00e1 ser visible en todo momento en la pantalla. La c\u00e1mara grabadora deber\u00e1 ubicarse a una distancia que se pueda observar el cuerpo entero del postulante.<\/p>\n<p>Deber\u00e1n subirse a YouTube con la configuraci\u00f3n de privacidad fijada en \u00abNo listado\u00bb y enviar el enlace por correo electr\u00f3nico a <span style=\"color: #0000ff\">enfaballet@sodre.gub.uy<\/span> antes del 15 de enero de 2025.<\/p>\n<p>El nombre del video deber\u00e1 tener el siguiente formato: \u00abApellido, Nombre, C.I. \u2013 Ballet Cl\u00e1sico Juvenil \u2013 Escuelas Sodre\u00bb. Incluir en la descripci\u00f3n del video nombre completo y edad.<\/p>\n<p>El jurado evaluar\u00e1 los videos recibidos y har\u00e1 una preselecci\u00f3n. Los aspirantes que aprueben dicha instancia ser\u00e1n notificados por correo electr\u00f3nico y ser\u00e1n convocados a una segunda etapa.<\/p>\n<p>&nbsp;<\/p>\n<p><strong>Segunda etapa<\/strong><\/p>\n<p>Deber\u00e1 realizar satisfactoriamente una audici\u00f3n presencial con las siguientes instancias y cada una ser\u00e1 de car\u00e1cter eliminatorio:<\/p>\n<ul>\n<li>Barra completa.<\/li>\n<li>Centro | Mujeres en punta.<\/li>\n<li>Saltos.<\/li>\n<li>T\u00e9cnica de Pas de Deux.<\/li>\n<li>Danza Contempor\u00e1nea: Se marcar\u00e1 un fraseo en lenguaje contempor\u00e1neo que deber\u00e1n replicar.<\/li>\n<\/ul>\n<p>&nbsp;<\/p>\n<p><strong>Vestimenta<\/strong><\/p>\n<ul>\n<li>Mujeres: medias rosadas, malla, zapatillas de media punta y punta.<\/li>\n<li>Hombres: calza y remera ajustada al cuerpo, zapatillas de media y punta.<\/li>\n<\/ul>\n<p>&nbsp;<\/p>\n<p>La audici\u00f3n presencial se realizar\u00e1 el d\u00eda jueves 6 de febrero de 2025. El horario y locaci\u00f3n ser\u00e1n notificados por correo electr\u00f3nico.<\/p>\n<p>El resultado final de la audici\u00f3n ser\u00e1 comunicado por correo electr\u00f3nico.[\/vc_column_text][vc_empty_space height=\u00bb40px\u00bb]\n\n<h3 \n\trole=\"heading\" \n\tclass=\"cyg--tit contenido cyg--font-inter cyg--font-normal \"\n>\n\n\tContacto\n<\/h3>\n\n\n[vc_empty_space height=\u00bb15px\u00bb][vc_column_text]<strong>Escuela Nacional de Danza<\/strong><\/p>\n<p>Av. Uruguay 876 \/ 878<br \/>\nBedel\u00eda: 2903 3143 \/ 2903 0661<\/p>\n<p>Julio Herrera y Obes 1489<br \/>\nBedel\u00eda: 2909 3161<\/p>\n<p><a href=\"mailto:enfaballet@sodre.gub.uy\">enfaballet@sodre.gub.uy<\/a><\/p>\n<div><\/div>\n<p>[\/vc_column_text][vc_empty_space height=\u00bb40px\u00bb][\/vc_column][vc_column width=\u00bb1\/2&#8243; css=\u00bb.vc_custom_1701211009001{margin-top: 0px !important;border-top-width: 0px !important;padding-top: 0px !important;}\u00bb][vc_single_image image=\u00bb540&#8243; img_size=\u00bbfull\u00bb css=\u00bb.vc_custom_1701703845896{margin-top: 0px !important;border-top-width: 0px !important;padding-top: 0px !important;}\u00bb][vc_empty_space height=\u00bb40px\u00bb][vc_single_image image=\u00bb541&#8243; img_size=\u00bbfull\u00bb css=\u00bb.vc_custom_1701703854290{margin-top: 0px !important;border-top-width: 0px !important;padding-top: 0px !important;}\u00bb][vc_empty_space height=\u00bb40px\u00bb][vc_single_image image=\u00bb542&#8243; img_size=\u00bbfull\u00bb css=\u00bb.vc_custom_1701703863060{margin-top: 0px !important;border-top-width: 0px !important;padding-top: 0px !important;}\u00bb][vc_empty_space height=\u00bb40px\u00bb][vc_single_image image=\u00bb544&#8243; img_size=\u00bbfull\u00bb css=\u00bb.vc_custom_1701703874576{margin-top: 0px !important;border-top-width: 0px !important;padding-top: 0px !important;}\u00bb][vc_empty_space height=\u00bb40px\u00bb][\/vc_column][\/vc_row][\/vc_section]<\/p>\n<\/div>","protected":false},"excerpt":{"rendered":"<p>[vc_section][vc_row gap=\u00bb30&#8243;][vc_column width=\u00bb1\/2&#8243;][vc_column_text]La Escuela Nacional de Danza, \u00c1rea Ballet, fue creada en 1975 por el Ministerio de Educaci\u00f3n y Cultura (MEC), bajo la direcci\u00f3n de su fundadora, Margaret Graham con la denominaci\u00f3n de Escuela Nacional de Danza, Divisi\u00f3n Ballet. Esta instituci\u00f3n naci\u00f3 de la necesidad de formar bailarines profesionales en Ballet, que en el futuro [&hellip;]<\/p>\n","protected":false},"author":5,"featured_media":0,"parent":0,"menu_order":0,"comment_status":"closed","ping_status":"closed","template":"","meta":{"footnotes":""},"acf":[],"yoast_head":"<!-- This site is optimized with the Yoast SEO plugin v21.7 - https:\/\/yoast.com\/wordpress\/plugins\/seo\/ -->\n<title>\u00c1rea Ballet - Escuela Nacional de Formaci\u00f3n Art\u00edstica<\/title>\n<meta name=\"robots\" content=\"index, follow, max-snippet:-1, max-image-preview:large, max-video-preview:-1\" \/>\n<link rel=\"canonical\" href=\"https:\/\/sodre.gub.uy\/enfas\/area-ballet\/\" \/>\n<meta property=\"og:locale\" content=\"es_ES\" \/>\n<meta property=\"og:type\" content=\"article\" \/>\n<meta property=\"og:title\" content=\"\u00c1rea Ballet - Escuela Nacional de Formaci\u00f3n Art\u00edstica\" \/>\n<meta property=\"og:description\" content=\"[vc_section][vc_row gap=\u00bb30&#8243;][vc_column width=\u00bb1\/2&#8243;][vc_column_text]La Escuela Nacional de Danza, \u00c1rea Ballet, fue creada en 1975 por el Ministerio de Educaci\u00f3n y Cultura (MEC), bajo la direcci\u00f3n de su fundadora, Margaret Graham con la denominaci\u00f3n de Escuela Nacional de Danza, Divisi\u00f3n Ballet. Esta instituci\u00f3n naci\u00f3 de la necesidad de formar bailarines profesionales en Ballet, que en el futuro [&hellip;]\" \/>\n<meta property=\"og:url\" content=\"https:\/\/sodre.gub.uy\/enfas\/area-ballet\/\" \/>\n<meta property=\"og:site_name\" content=\"Escuela Nacional de Formaci\u00f3n Art\u00edstica\" \/>\n<meta property=\"article:modified_time\" content=\"2026-01-07T14:30:04+00:00\" \/>\n<meta name=\"twitter:card\" content=\"summary_large_image\" \/>\n<meta name=\"twitter:label1\" content=\"Tiempo de lectura\" \/>\n\t<meta name=\"twitter:data1\" content=\"9 minutos\" \/>\n<script type=\"application\/ld+json\" class=\"yoast-schema-graph\">{\"@context\":\"https:\/\/schema.org\",\"@graph\":[{\"@type\":\"WebPage\",\"@id\":\"https:\/\/sodre.gub.uy\/enfas\/area-ballet\/\",\"url\":\"https:\/\/sodre.gub.uy\/enfas\/area-ballet\/\",\"name\":\"\u00c1rea Ballet - Escuela Nacional de Formaci\u00f3n Art\u00edstica\",\"isPartOf\":{\"@id\":\"https:\/\/sodre.gub.uy\/enfas\/#website\"},\"datePublished\":\"2023-11-29T18:16:40+00:00\",\"dateModified\":\"2026-01-07T14:30:04+00:00\",\"inLanguage\":\"es\",\"potentialAction\":[{\"@type\":\"ReadAction\",\"target\":[\"https:\/\/sodre.gub.uy\/enfas\/area-ballet\/\"]}]},{\"@type\":\"WebSite\",\"@id\":\"https:\/\/sodre.gub.uy\/enfas\/#website\",\"url\":\"https:\/\/sodre.gub.uy\/enfas\/\",\"name\":\"Escuela Nacional de Formaci\u00f3n Art\u00edstica\",\"description\":\"Servicio Oficial de Difusi\u00f3n, Representaciones y Espect\u00e1culos\",\"publisher\":{\"@id\":\"https:\/\/sodre.gub.uy\/enfas\/#organization\"},\"potentialAction\":[{\"@type\":\"SearchAction\",\"target\":{\"@type\":\"EntryPoint\",\"urlTemplate\":\"https:\/\/sodre.gub.uy\/enfas\/?s={search_term_string}\"},\"query-input\":\"required name=search_term_string\"}],\"inLanguage\":\"es\"},{\"@type\":\"Organization\",\"@id\":\"https:\/\/sodre.gub.uy\/enfas\/#organization\",\"name\":\"Escuela Nacional de Formaci\u00f3n Art\u00edstica\",\"url\":\"https:\/\/sodre.gub.uy\/enfas\/\",\"logo\":{\"@type\":\"ImageObject\",\"inLanguage\":\"es\",\"@id\":\"https:\/\/sodre.gub.uy\/enfas\/#\/schema\/logo\/image\/\",\"url\":\"https:\/\/sodre.gub.uy\/enfas\/wp-content\/uploads\/sites\/3\/2023\/12\/logo-sodre-black.svg\",\"contentUrl\":\"https:\/\/sodre.gub.uy\/enfas\/wp-content\/uploads\/sites\/3\/2023\/12\/logo-sodre-black.svg\",\"caption\":\"Escuela Nacional de Formaci\u00f3n Art\u00edstica\"},\"image\":{\"@id\":\"https:\/\/sodre.gub.uy\/enfas\/#\/schema\/logo\/image\/\"}}]}<\/script>\n<!-- \/ Yoast SEO plugin. -->","yoast_head_json":{"title":"\u00c1rea Ballet - Escuela Nacional de Formaci\u00f3n Art\u00edstica","robots":{"index":"index","follow":"follow","max-snippet":"max-snippet:-1","max-image-preview":"max-image-preview:large","max-video-preview":"max-video-preview:-1"},"canonical":"https:\/\/sodre.gub.uy\/enfas\/area-ballet\/","og_locale":"es_ES","og_type":"article","og_title":"\u00c1rea Ballet - Escuela Nacional de Formaci\u00f3n Art\u00edstica","og_description":"[vc_section][vc_row gap=\u00bb30&#8243;][vc_column width=\u00bb1\/2&#8243;][vc_column_text]La Escuela Nacional de Danza, \u00c1rea Ballet, fue creada en 1975 por el Ministerio de Educaci\u00f3n y Cultura (MEC), bajo la direcci\u00f3n de su fundadora, Margaret Graham con la denominaci\u00f3n de Escuela Nacional de Danza, Divisi\u00f3n Ballet. Esta instituci\u00f3n naci\u00f3 de la necesidad de formar bailarines profesionales en Ballet, que en el futuro [&hellip;]","og_url":"https:\/\/sodre.gub.uy\/enfas\/area-ballet\/","og_site_name":"Escuela Nacional de Formaci\u00f3n Art\u00edstica","article_modified_time":"2026-01-07T14:30:04+00:00","twitter_card":"summary_large_image","twitter_misc":{"Tiempo de lectura":"9 minutos"},"schema":{"@context":"https:\/\/schema.org","@graph":[{"@type":"WebPage","@id":"https:\/\/sodre.gub.uy\/enfas\/area-ballet\/","url":"https:\/\/sodre.gub.uy\/enfas\/area-ballet\/","name":"\u00c1rea Ballet - Escuela Nacional de Formaci\u00f3n Art\u00edstica","isPartOf":{"@id":"https:\/\/sodre.gub.uy\/enfas\/#website"},"datePublished":"2023-11-29T18:16:40+00:00","dateModified":"2026-01-07T14:30:04+00:00","inLanguage":"es","potentialAction":[{"@type":"ReadAction","target":["https:\/\/sodre.gub.uy\/enfas\/area-ballet\/"]}]},{"@type":"WebSite","@id":"https:\/\/sodre.gub.uy\/enfas\/#website","url":"https:\/\/sodre.gub.uy\/enfas\/","name":"Escuela Nacional de Formaci\u00f3n Art\u00edstica","description":"Servicio Oficial de Difusi\u00f3n, Representaciones y Espect\u00e1culos","publisher":{"@id":"https:\/\/sodre.gub.uy\/enfas\/#organization"},"potentialAction":[{"@type":"SearchAction","target":{"@type":"EntryPoint","urlTemplate":"https:\/\/sodre.gub.uy\/enfas\/?s={search_term_string}"},"query-input":"required name=search_term_string"}],"inLanguage":"es"},{"@type":"Organization","@id":"https:\/\/sodre.gub.uy\/enfas\/#organization","name":"Escuela Nacional de Formaci\u00f3n Art\u00edstica","url":"https:\/\/sodre.gub.uy\/enfas\/","logo":{"@type":"ImageObject","inLanguage":"es","@id":"https:\/\/sodre.gub.uy\/enfas\/#\/schema\/logo\/image\/","url":"https:\/\/sodre.gub.uy\/enfas\/wp-content\/uploads\/sites\/3\/2023\/12\/logo-sodre-black.svg","contentUrl":"https:\/\/sodre.gub.uy\/enfas\/wp-content\/uploads\/sites\/3\/2023\/12\/logo-sodre-black.svg","caption":"Escuela Nacional de Formaci\u00f3n Art\u00edstica"},"image":{"@id":"https:\/\/sodre.gub.uy\/enfas\/#\/schema\/logo\/image\/"}}]}},"_links":{"self":[{"href":"https:\/\/sodre.gub.uy\/enfas\/wp-json\/wp\/v2\/pages\/402"}],"collection":[{"href":"https:\/\/sodre.gub.uy\/enfas\/wp-json\/wp\/v2\/pages"}],"about":[{"href":"https:\/\/sodre.gub.uy\/enfas\/wp-json\/wp\/v2\/types\/page"}],"author":[{"embeddable":true,"href":"https:\/\/sodre.gub.uy\/enfas\/wp-json\/wp\/v2\/users\/5"}],"replies":[{"embeddable":true,"href":"https:\/\/sodre.gub.uy\/enfas\/wp-json\/wp\/v2\/comments?post=402"}],"version-history":[{"count":27,"href":"https:\/\/sodre.gub.uy\/enfas\/wp-json\/wp\/v2\/pages\/402\/revisions"}],"predecessor-version":[{"id":806,"href":"https:\/\/sodre.gub.uy\/enfas\/wp-json\/wp\/v2\/pages\/402\/revisions\/806"}],"wp:attachment":[{"href":"https:\/\/sodre.gub.uy\/enfas\/wp-json\/wp\/v2\/media?parent=402"}],"curies":[{"name":"wp","href":"https:\/\/api.w.org\/{rel}","templated":true}]}}